{"id":9809,"date":"2022-06-03T17:57:15","date_gmt":"2022-06-03T14:57:15","guid":{"rendered":"https:\/\/www.giderlaw.com\/private-clients-private-legal-services\/"},"modified":"2022-06-07T14:57:34","modified_gmt":"2022-06-07T11:57:34","slug":"bireysel-muvekkiller-ozel-hukuk-hizmetleri","status":"publish","type":"page","link":"https:\/\/www.giderlaw.com\/tr\/bireysel-muvekkiller-ozel-hukuk-hizmetleri\/","title":{"rendered":"Bireysel M\u00fcvekkiller \u2013 \u00d6zel Hukuk Hizmetleri"},"content":{"rendered":"\t\t<div data-elementor-type=\"wp-page\" data-elementor-id=\"9809\" class=\"elementor elementor-9809\">\n\t\t\t\t\t\t\t\t\t<section class=\"elementor-section elementor-top-section elementor-element elementor-element-269f3e9 elementor-section-boxed elementor-section-height-default elementor-section-height-default\" data-id=\"269f3e9\" data-element_type=\"section\" data-settings=\"{&quot;background_background&quot;:&quot;classic&quot;}\">\n\t\t\t\t\t\t<div class=\"elementor-container elementor-column-gap-default\">\n\t\t\t\t\t<div class=\"elementor-column elementor-col-100 elementor-top-column elementor-element elementor-element-84063c9\" data-id=\"84063c9\" data-element_type=\"column\">\n\t\t\t<div class=\"elementor-widget-wrap elementor-element-populated\">\n\t\t\t\t\t\t\t\t<div class=\"elementor-element elementor-element-2cde411 elementor-widget elementor-widget-image\" data-id=\"2cde411\" data-element_type=\"widget\" data-widget_type=\"image.default\">\n\t\t\t\t<div class=\"elementor-widget-container\">\n\t\t\t\t\t\t\t\t\t\t\t\t\t\t\t<img width=\"1536\" height=\"400\" src=\"https:\/\/www.giderlaw.com\/wp-content\/uploads\/2022\/06\/Private-Clients-Law-giderlaw-1536x646-1.jpg\" class=\"attachment-full size-full\" alt=\"\" loading=\"lazy\" srcset=\"https:\/\/www.giderlaw.com\/wp-content\/uploads\/2022\/06\/Private-Clients-Law-giderlaw-1536x646-1.jpg 1536w, https:\/\/www.giderlaw.com\/wp-content\/uploads\/2022\/06\/Private-Clients-Law-giderlaw-1536x646-1-300x78.jpg 300w, https:\/\/www.giderlaw.com\/wp-content\/uploads\/2022\/06\/Private-Clients-Law-giderlaw-1536x646-1-1024x267.jpg 1024w, https:\/\/www.giderlaw.com\/wp-content\/uploads\/2022\/06\/Private-Clients-Law-giderlaw-1536x646-1-768x200.jpg 768w\" sizes=\"(max-width: 1536px) 100vw, 1536px\" \/>\t\t\t\t\t\t\t\t\t\t\t\t\t\t\t<\/div>\n\t\t\t\t<\/div>\n\t\t\t\t<div class=\"elementor-element elementor-element-d5d9eaf elementor-widget elementor-widget-heading\" data-id=\"d5d9eaf\" data-element_type=\"widget\" data-widget_type=\"heading.default\">\n\t\t\t\t<div class=\"elementor-widget-container\">\n\t\t\t<h1 class=\"elementor-heading-title elementor-size-default\">Bireysel M\u00fcvekkiller \u2013 \u00d6zel Hukuk Hizmetleri <\/h1>\t\t<\/div>\n\t\t\t\t<\/div>\n\t\t\t\t<div class=\"elementor-element elementor-element-4da7ef6 elementor-widget elementor-widget-text-editor\" data-id=\"4da7ef6\" data-element_type=\"widget\" data-widget_type=\"text-editor.default\">\n\t\t\t\t<div class=\"elementor-widget-container\">\n\t\t\t\t\t\t\t<p><span style=\"font-weight: 400;\">Gider Law Office, kurumsal M\u00fcvekkillerin yan\u0131nda \u00f6zel ihtiya\u00e7lar\u0131 konusunda dan\u0131\u015fmanl\u0131k deste\u011fi almak isteyen bireysel M\u00fcvekkillerine de uzmanl\u0131k alanlar\u0131 \u00e7er\u00e7evesinde terzi dikimi hukuki dan\u0131\u015fmanl\u0131k hizmetleri sunmaktad\u0131r. Gider Law Office b\u00fcnyesinde Bireysel M\u00fcvekkillerin hukuk ihtiya\u00e7lar\u0131 i\u00e7in olduk\u00e7a kapsaml\u0131 hukuki ara\u015ft\u0131rmalarla beraber \u00f6zellikle yat\u0131r\u0131mc\u0131lar i\u00e7in i\u015f ortaklar\u0131yla birlikte market ara\u015ft\u0131rmalar\u0131 faaliyetleri de y\u00fcr\u00fct\u00fclmektedir.\u00a0<\/span><\/p><p><span style=\"font-weight: 400;\">Bireysel M\u00fcvekkillerin \u00f6zel hukuki ihtiya\u00e7lar\u0131 kapsam\u0131nda kendilerine durumun gerektirdi\u011fi \u00f6l\u00e7\u00fcde d\u00fczenli veya d\u00fczensiz olarak raporlamalar y\u00fcr\u00fct\u00fclmektedir. Gider Law Office ayr\u0131ca M\u00fcvekkillerin talepleri \u00fczerine; M\u00fcvekkillerini hem yurt i\u00e7i hem de yurt d\u0131\u015f\u0131nda bir\u00e7ok platformda vekalet ili\u015fkisi i\u00e7erisinde temsil etmekte ve M\u00fcvekkillerinin menfaatlerinin korunmas\u0131na yard\u0131mc\u0131 olmaktad\u0131r.\u00a0<\/span><\/p>\t\t\t\t\t\t<\/div>\n\t\t\t\t<\/div>\n\t\t\t\t\t<\/div>\n\t\t<\/div>\n\t\t\t\t\t\t\t<\/div>\n\t\t<\/section>\n\t\t\t\t<section class=\"elementor-section elementor-top-section elementor-element elementor-element-bca999d elementor-section-boxed elementor-section-height-default elementor-section-height-default\" data-id=\"bca999d\" data-element_type=\"section\">\n\t\t\t\t\t\t<div class=\"elementor-container elementor-column-gap-default\">\n\t\t\t\t\t<div class=\"elementor-column elementor-col-33 elementor-top-column elementor-element elementor-element-4e0b819\" data-id=\"4e0b819\" data-element_type=\"column\">\n\t\t\t<div class=\"elementor-widget-wrap\">\n\t\t\t\t\t\t\t\t\t<\/div>\n\t\t<\/div>\n\t\t\t\t<div class=\"elementor-column elementor-col-33 elementor-top-column elementor-element elementor-element-422df16\" data-id=\"422df16\" data-element_type=\"column\">\n\t\t\t<div class=\"elementor-widget-wrap elementor-element-populated\">\n\t\t\t\t\t\t\t\t<div class=\"elementor-element elementor-element-82204b1 elementor-widget elementor-widget-heading\" data-id=\"82204b1\" data-element_type=\"widget\" data-widget_type=\"heading.default\">\n\t\t\t\t<div class=\"elementor-widget-container\">\n\t\t\t<h3 class=\"elementor-heading-title elementor-size-default\">Daha Fazla Bilgi<\/h3>\t\t<\/div>\n\t\t\t\t<\/div>\n\t\t\t\t<div class=\"elementor-element elementor-element-f580a86 elementor-widget elementor-widget-shortcode\" data-id=\"f580a86\" data-element_type=\"widget\" data-widget_type=\"shortcode.default\">\n\t\t\t\t<div class=\"elementor-widget-container\">\n\t\t\t\t\t<div class=\"elementor-shortcode\"><div role=\"form\" class=\"wpcf7\" id=\"wpcf7-f9523-o1\" lang=\"en-US\" dir=\"ltr\">\n<div class=\"screen-reader-response\"><p role=\"status\" aria-live=\"polite\" aria-atomic=\"true\"><\/p> <ul><\/ul><\/div>\n<form action=\"\/tr\/wp-json\/wp\/v2\/pages\/9809#wpcf7-f9523-o1\" method=\"post\" class=\"wpcf7-form init\" novalidate=\"novalidate\" data-status=\"init\">\n<div style=\"display: none;\">\n<input type=\"hidden\" name=\"_wpcf7\" value=\"9523\" \/>\n<input type=\"hidden\" name=\"_wpcf7_version\" value=\"5.5.6.1\" \/>\n<input type=\"hidden\" name=\"_wpcf7_locale\" value=\"en_US\" \/>\n<input type=\"hidden\" name=\"_wpcf7_unit_tag\" value=\"wpcf7-f9523-o1\" \/>\n<input type=\"hidden\" name=\"_wpcf7_container_post\" value=\"0\" \/>\n<input type=\"hidden\" name=\"_wpcf7_posted_data_hash\" value=\"\" \/>\n<\/div>\n<div id=\"contact-form\" class=\"contact-box3 contact-form-box\">\n  <div class=\"row gutters-20\">\n    <div class=\"col-md-6 form-group\">\n        <span class=\"wpcf7-form-control-wrap f-name\"><input type=\"text\" name=\"f-name\" value=\"\" size=\"40\" class=\"wpcf7-form-control wpcf7-text wpcf7-validates-as-required form-control\" aria-required=\"true\" aria-invalid=\"false\" placeholder=\"Ad Soyad\" \/><\/span>\n\t<div class=\"help-block with-errors\"><\/div>\n    <\/div>\n    <div class=\"col-md-6 form-group\">\n       <span class=\"wpcf7-form-control-wrap email\"><input type=\"email\" name=\"email\" value=\"\" size=\"40\" class=\"wpcf7-form-control wpcf7-text wpcf7-email wpcf7-validates-as-required wpcf7-validates-as-email form-control\" aria-required=\"true\" aria-invalid=\"false\" placeholder=\"E-Posta\" \/><\/span>\n\t<div class=\"help-block with-errors\"><\/div>\n    <\/div>\n    <div class=\"col-12 form-group\">\n        <span class=\"wpcf7-form-control-wrap subject\"><input type=\"text\" name=\"subject\" value=\"\" size=\"40\" class=\"wpcf7-form-control wpcf7-text wpcf7-validates-as-required form-control\" aria-required=\"true\" aria-invalid=\"false\" placeholder=\"Konu\" \/><\/span>\n\t<div class=\"help-block with-errors\"><\/div>\n    <\/div>\n    <div class=\"col-12 form-group\">\n        <span class=\"wpcf7-form-control-wrap message\"><textarea name=\"message\" cols=\"20\" rows=\"5\" class=\"wpcf7-form-control wpcf7-textarea wpcf7-validates-as-required textarea form-control\" aria-required=\"true\" aria-invalid=\"false\" placeholder=\"Mesaj\u0131n\u0131z\"><\/textarea><\/span>\n        <div class=\"help-block with-errors\"><\/div>\n     <\/div>\n     <div class=\"col-12 form-group text-center\">\n\t<button type=\"submit\" class=\"btn-fill\">G\u00f6nder<\/button>\n       <\/div>\n      <div class=\"form-response\"><\/div>\n    <\/div>\n<\/div><div class=\"wpcf7-response-output\" aria-hidden=\"true\"><\/div><\/form><\/div><\/div>\n\t\t\t\t<\/div>\n\t\t\t\t<\/div>\n\t\t\t\t\t<\/div>\n\t\t<\/div>\n\t\t\t\t<div class=\"elementor-column elementor-col-33 elementor-top-column elementor-element elementor-element-1180a4c\" data-id=\"1180a4c\" data-element_type=\"column\">\n\t\t\t<div class=\"elementor-widget-wrap\">\n\t\t\t\t\t\t\t\t\t<\/div>\n\t\t<\/div>\n\t\t\t\t\t\t\t<\/div>\n\t\t<\/section>\n\t\t\t\t\t\t\t<\/div>\n\t\t","protected":false},"excerpt":{"rendered":"<p>Bireysel M\u00fcvekkiller \u2013 \u00d6zel Hukuk Hizmetleri Gider Law Office, kurumsal M\u00fcvekkillerin yan\u0131nda \u00f6zel ihtiya\u00e7lar\u0131 konusunda dan\u0131\u015fmanl\u0131k deste\u011fi almak isteyen bireysel M\u00fcvekkillerine de uzmanl\u0131k alanlar\u0131 \u00e7er\u00e7evesinde terzi dikimi hukuki dan\u0131\u015fmanl\u0131k hizmetleri sunmaktad\u0131r. Gider Law Office b\u00fcnyesinde Bireysel M\u00fcvekkillerin hukuk ihtiya\u00e7lar\u0131 i\u00e7in olduk\u00e7a kapsaml\u0131 hukuki ara\u015ft\u0131rmalarla beraber \u00f6zellikle yat\u0131r\u0131mc\u0131lar i\u00e7in i\u015f ortaklar\u0131yla birlikte market ara\u015ft\u0131rmalar\u0131 faaliyetleri de&#8230;<\/p>\n","protected":false},"author":1,"featured_media":0,"parent":0,"menu_order":0,"comment_status":"closed","ping_status":"closed","template":"elementor_header_footer","meta":[],"_links":{"self":[{"href":"https:\/\/www.giderlaw.com\/tr\/wp-json\/wp\/v2\/pages\/9809"}],"collection":[{"href":"https:\/\/www.giderlaw.com\/tr\/wp-json\/wp\/v2\/pages"}],"about":[{"href":"https:\/\/www.giderlaw.com\/tr\/wp-json\/wp\/v2\/types\/page"}],"author":[{"embeddable":true,"href":"https:\/\/www.giderlaw.com\/tr\/wp-json\/wp\/v2\/users\/1"}],"replies":[{"embeddable":true,"href":"https:\/\/www.giderlaw.com\/tr\/wp-json\/wp\/v2\/comments?post=9809"}],"version-history":[{"count":11,"href":"https:\/\/www.giderlaw.com\/tr\/wp-json\/wp\/v2\/pages\/9809\/revisions"}],"predecessor-version":[{"id":10015,"href":"https:\/\/www.giderlaw.com\/tr\/wp-json\/wp\/v2\/pages\/9809\/revisions\/10015"}],"wp:attachment":[{"href":"https:\/\/www.giderlaw.com\/tr\/wp-json\/wp\/v2\/media?parent=9809"}],"curies":[{"name":"wp","href":"https:\/\/api.w.org\/{rel}","templated":true}]}}