{"id":9778,"date":"2022-06-03T17:45:15","date_gmt":"2022-06-03T14:45:15","guid":{"rendered":"https:\/\/www.giderlaw.com\/?page_id=9778"},"modified":"2022-06-07T14:59:31","modified_gmt":"2022-06-07T11:59:31","slug":"birlesmeler-ve-satin-almalar","status":"publish","type":"page","link":"https:\/\/www.giderlaw.com\/tr\/birlesmeler-ve-satin-almalar\/","title":{"rendered":"Birle\u015fmeler ve Sat\u0131n Almalar"},"content":{"rendered":"\t\t<div data-elementor-type=\"wp-page\" data-elementor-id=\"9778\" class=\"elementor elementor-9778\">\n\t\t\t\t\t\t\t\t\t<section class=\"elementor-section elementor-top-section elementor-element elementor-element-9f56c72 elementor-section-boxed elementor-section-height-default elementor-section-height-default\" data-id=\"9f56c72\" data-element_type=\"section\" data-settings=\"{&quot;background_background&quot;:&quot;classic&quot;}\">\n\t\t\t\t\t\t<div class=\"elementor-container elementor-column-gap-default\">\n\t\t\t\t\t<div class=\"elementor-column elementor-col-100 elementor-top-column elementor-element elementor-element-4be0349\" data-id=\"4be0349\" data-element_type=\"column\">\n\t\t\t<div class=\"elementor-widget-wrap elementor-element-populated\">\n\t\t\t\t\t\t\t\t<div class=\"elementor-element elementor-element-f248c84 elementor-widget elementor-widget-image\" data-id=\"f248c84\" data-element_type=\"widget\" data-widget_type=\"image.default\">\n\t\t\t\t<div class=\"elementor-widget-container\">\n\t\t\t\t\t\t\t\t\t\t\t\t\t\t\t<img width=\"1536\" height=\"400\" src=\"https:\/\/www.giderlaw.com\/wp-content\/uploads\/2022\/06\/mergers-and-acquisitions-LAW-giderlaw-1536x646-1.jpg\" class=\"attachment-full size-full\" alt=\"\" loading=\"lazy\" srcset=\"https:\/\/www.giderlaw.com\/wp-content\/uploads\/2022\/06\/mergers-and-acquisitions-LAW-giderlaw-1536x646-1.jpg 1536w, https:\/\/www.giderlaw.com\/wp-content\/uploads\/2022\/06\/mergers-and-acquisitions-LAW-giderlaw-1536x646-1-300x78.jpg 300w, https:\/\/www.giderlaw.com\/wp-content\/uploads\/2022\/06\/mergers-and-acquisitions-LAW-giderlaw-1536x646-1-1024x267.jpg 1024w, https:\/\/www.giderlaw.com\/wp-content\/uploads\/2022\/06\/mergers-and-acquisitions-LAW-giderlaw-1536x646-1-768x200.jpg 768w\" sizes=\"(max-width: 1536px) 100vw, 1536px\" \/>\t\t\t\t\t\t\t\t\t\t\t\t\t\t\t<\/div>\n\t\t\t\t<\/div>\n\t\t\t\t<div class=\"elementor-element elementor-element-8977906 elementor-widget elementor-widget-heading\" data-id=\"8977906\" data-element_type=\"widget\" data-widget_type=\"heading.default\">\n\t\t\t\t<div class=\"elementor-widget-container\">\n\t\t\t<h1 class=\"elementor-heading-title elementor-size-default\"> Birle\u015fmeler ve Sat\u0131n Almalar \n<\/h1>\t\t<\/div>\n\t\t\t\t<\/div>\n\t\t\t\t<div class=\"elementor-element elementor-element-714c921 elementor-widget elementor-widget-text-editor\" data-id=\"714c921\" data-element_type=\"widget\" data-widget_type=\"text-editor.default\">\n\t\t\t\t<div class=\"elementor-widget-container\">\n\t\t\t\t\t\t\t<p><span style=\"font-weight: 400;\">Gider Law Office, \u015firket birle\u015fmeleri, sat\u0131n almalar ve pay sahiplerinin temsili konusunda hem yerli hem yabanc\u0131 M\u00fcvekkillerine temsil ve hukuki dan\u0131\u015fmanl\u0131k hizmetleri sunmaktad\u0131r. Gider Law Office b\u00fcnyesinde her sat\u0131n alma veya birle\u015fmenin birbirinden farkl\u0131 dinamikler g\u00f6sterece\u011finin bilinci ile; her bir hukuki i\u015flem i\u00e7in titizlikle planlama yap\u0131lmaktad\u0131r. Gerek sat\u0131n alan gerekse de sat\u0131\u015f yapan taraf\u0131n temsillerinde ba\u015fl\u0131ca \u00f6nceli\u011fimiz taraflar\u0131n yapacaklar\u0131 i\u015flemlerin sonu\u00e7lar\u0131 hakk\u0131nda detayl\u0131 olarak bilgilendirilmesi ve ticari kararlar\u0131n kesinle\u015fmesi \u00f6ncesinde teknik detaylar\u0131n en uygun bi\u00e7imde \u00e7\u00f6z\u00fcme kavu\u015fturulmas\u0131d\u0131r.<\/span><\/p><p><span style=\"font-weight: 400;\">Gider Law Office olarak, Birle\u015fmeler ve Sat\u0131n Almalar konusunda gizlilik s\u00f6zle\u015fmesinin veya niyet mektubunun haz\u0131rlanmas\u0131ndan, m\u00fczakerelerin yap\u0131lmas\u0131na; hisse devir s\u00f6zle\u015fmesinin haz\u0131rlanmas\u0131ndan, s\u00f6zle\u015fmelerin ticaret odas\u0131 nezdinde tesciline kadar uzanan zorlu s\u00fcre\u00e7te M\u00fcvekkillerimize aktif ve detayl\u0131 bir hukuk dan\u0131\u015fmal\u0131\u011f\u0131 hizmet sunmaktay\u0131z.\u00a0<\/span><\/p>\t\t\t\t\t\t<\/div>\n\t\t\t\t<\/div>\n\t\t\t\t\t<\/div>\n\t\t<\/div>\n\t\t\t\t\t\t\t<\/div>\n\t\t<\/section>\n\t\t\t\t<section class=\"elementor-section elementor-top-section elementor-element elementor-element-fbc69e2 elementor-section-boxed elementor-section-height-default elementor-section-height-default\" data-id=\"fbc69e2\" data-element_type=\"section\">\n\t\t\t\t\t\t<div class=\"elementor-container elementor-column-gap-default\">\n\t\t\t\t\t<div class=\"elementor-column elementor-col-33 elementor-top-column elementor-element elementor-element-0cb5b0d\" data-id=\"0cb5b0d\" data-element_type=\"column\">\n\t\t\t<div class=\"elementor-widget-wrap\">\n\t\t\t\t\t\t\t\t\t<\/div>\n\t\t<\/div>\n\t\t\t\t<div class=\"elementor-column elementor-col-33 elementor-top-column elementor-element elementor-element-b8fb149\" data-id=\"b8fb149\" data-element_type=\"column\">\n\t\t\t<div class=\"elementor-widget-wrap elementor-element-populated\">\n\t\t\t\t\t\t\t\t<div class=\"elementor-element elementor-element-d32ce6c elementor-widget elementor-widget-heading\" data-id=\"d32ce6c\" data-element_type=\"widget\" data-widget_type=\"heading.default\">\n\t\t\t\t<div class=\"elementor-widget-container\">\n\t\t\t<h3 class=\"elementor-heading-title elementor-size-default\">Daha Fazla Bilgi<\/h3>\t\t<\/div>\n\t\t\t\t<\/div>\n\t\t\t\t<div class=\"elementor-element elementor-element-b451e1b elementor-widget elementor-widget-shortcode\" data-id=\"b451e1b\" data-element_type=\"widget\" data-widget_type=\"shortcode.default\">\n\t\t\t\t<div class=\"elementor-widget-container\">\n\t\t\t\t\t<div class=\"elementor-shortcode\"><div role=\"form\" class=\"wpcf7\" id=\"wpcf7-f9523-o1\" lang=\"en-US\" dir=\"ltr\">\n<div class=\"screen-reader-response\"><p role=\"status\" aria-live=\"polite\" aria-atomic=\"true\"><\/p> <ul><\/ul><\/div>\n<form action=\"\/tr\/wp-json\/wp\/v2\/pages\/9778#wpcf7-f9523-o1\" method=\"post\" class=\"wpcf7-form init\" novalidate=\"novalidate\" data-status=\"init\">\n<div style=\"display: none;\">\n<input type=\"hidden\" name=\"_wpcf7\" value=\"9523\" \/>\n<input type=\"hidden\" name=\"_wpcf7_version\" value=\"5.5.6.1\" \/>\n<input type=\"hidden\" name=\"_wpcf7_locale\" value=\"en_US\" \/>\n<input type=\"hidden\" name=\"_wpcf7_unit_tag\" value=\"wpcf7-f9523-o1\" \/>\n<input type=\"hidden\" name=\"_wpcf7_container_post\" value=\"0\" \/>\n<input type=\"hidden\" name=\"_wpcf7_posted_data_hash\" value=\"\" \/>\n<\/div>\n<div id=\"contact-form\" class=\"contact-box3 contact-form-box\">\n  <div class=\"row gutters-20\">\n    <div class=\"col-md-6 form-group\">\n        <span class=\"wpcf7-form-control-wrap f-name\"><input type=\"text\" name=\"f-name\" value=\"\" size=\"40\" class=\"wpcf7-form-control wpcf7-text wpcf7-validates-as-required form-control\" aria-required=\"true\" aria-invalid=\"false\" placeholder=\"Ad Soyad\" \/><\/span>\n\t<div class=\"help-block with-errors\"><\/div>\n    <\/div>\n    <div class=\"col-md-6 form-group\">\n       <span class=\"wpcf7-form-control-wrap email\"><input type=\"email\" name=\"email\" value=\"\" size=\"40\" class=\"wpcf7-form-control wpcf7-text wpcf7-email wpcf7-validates-as-required wpcf7-validates-as-email form-control\" aria-required=\"true\" aria-invalid=\"false\" placeholder=\"E-Posta\" \/><\/span>\n\t<div class=\"help-block with-errors\"><\/div>\n    <\/div>\n    <div class=\"col-12 form-group\">\n        <span class=\"wpcf7-form-control-wrap subject\"><input type=\"text\" name=\"subject\" value=\"\" size=\"40\" class=\"wpcf7-form-control wpcf7-text wpcf7-validates-as-required form-control\" aria-required=\"true\" aria-invalid=\"false\" placeholder=\"Konu\" \/><\/span>\n\t<div class=\"help-block with-errors\"><\/div>\n    <\/div>\n    <div class=\"col-12 form-group\">\n        <span class=\"wpcf7-form-control-wrap message\"><textarea name=\"message\" cols=\"20\" rows=\"5\" class=\"wpcf7-form-control wpcf7-textarea wpcf7-validates-as-required textarea form-control\" aria-required=\"true\" aria-invalid=\"false\" placeholder=\"Mesaj\u0131n\u0131z\"><\/textarea><\/span>\n        <div class=\"help-block with-errors\"><\/div>\n     <\/div>\n     <div class=\"col-12 form-group text-center\">\n\t<button type=\"submit\" class=\"btn-fill\">G\u00f6nder<\/button>\n       <\/div>\n      <div class=\"form-response\"><\/div>\n    <\/div>\n<\/div><div class=\"wpcf7-response-output\" aria-hidden=\"true\"><\/div><\/form><\/div>\n<\/div>\n\t\t\t\t<\/div>\n\t\t\t\t<\/div>\n\t\t\t\t\t<\/div>\n\t\t<\/div>\n\t\t\t\t<div class=\"elementor-column elementor-col-33 elementor-top-column elementor-element elementor-element-19374ef\" data-id=\"19374ef\" data-element_type=\"column\">\n\t\t\t<div class=\"elementor-widget-wrap\">\n\t\t\t\t\t\t\t\t\t<\/div>\n\t\t<\/div>\n\t\t\t\t\t\t\t<\/div>\n\t\t<\/section>\n\t\t\t\t\t\t\t<\/div>\n\t\t","protected":false},"excerpt":{"rendered":"<p>Birle\u015fmeler ve Sat\u0131n Almalar Gider Law Office, \u015firket birle\u015fmeleri, sat\u0131n almalar ve pay sahiplerinin temsili konusunda hem yerli hem yabanc\u0131 M\u00fcvekkillerine temsil ve hukuki dan\u0131\u015fmanl\u0131k hizmetleri sunmaktad\u0131r. Gider Law Office b\u00fcnyesinde her sat\u0131n alma veya birle\u015fmenin birbirinden farkl\u0131 dinamikler g\u00f6sterece\u011finin bilinci ile; her bir hukuki i\u015flem i\u00e7in titizlikle planlama yap\u0131lmaktad\u0131r. Gerek sat\u0131n alan gerekse de&#8230;<\/p>\n","protected":false},"author":1,"featured_media":0,"parent":0,"menu_order":0,"comment_status":"closed","ping_status":"closed","template":"elementor_header_footer","meta":[],"_links":{"self":[{"href":"https:\/\/www.giderlaw.com\/tr\/wp-json\/wp\/v2\/pages\/9778"}],"collection":[{"href":"https:\/\/www.giderlaw.com\/tr\/wp-json\/wp\/v2\/pages"}],"about":[{"href":"https:\/\/www.giderlaw.com\/tr\/wp-json\/wp\/v2\/types\/page"}],"author":[{"embeddable":true,"href":"https:\/\/www.giderlaw.com\/tr\/wp-json\/wp\/v2\/users\/1"}],"replies":[{"embeddable":true,"href":"https:\/\/www.giderlaw.com\/tr\/wp-json\/wp\/v2\/comments?post=9778"}],"version-history":[{"count":15,"href":"https:\/\/www.giderlaw.com\/tr\/wp-json\/wp\/v2\/pages\/9778\/revisions"}],"predecessor-version":[{"id":10018,"href":"https:\/\/www.giderlaw.com\/tr\/wp-json\/wp\/v2\/pages\/9778\/revisions\/10018"}],"wp:attachment":[{"href":"https:\/\/www.giderlaw.com\/tr\/wp-json\/wp\/v2\/media?parent=9778"}],"curies":[{"name":"wp","href":"https:\/\/api.w.org\/{rel}","templated":true}]}}