{"id":9770,"date":"2022-06-03T17:19:09","date_gmt":"2022-06-03T14:19:09","guid":{"rendered":"https:\/\/www.giderlaw.com\/startup-law\/"},"modified":"2022-06-07T15:00:29","modified_gmt":"2022-06-07T12:00:29","slug":"start-up-hukuku","status":"publish","type":"page","link":"https:\/\/www.giderlaw.com\/tr\/start-up-hukuku\/","title":{"rendered":"Start Up Hukuku"},"content":{"rendered":"\t\t<div data-elementor-type=\"wp-page\" data-elementor-id=\"9770\" class=\"elementor elementor-9770\">\n\t\t\t\t\t\t\t\t\t<section class=\"elementor-section elementor-top-section elementor-element elementor-element-0a58a05 elementor-section-boxed elementor-section-height-default elementor-section-height-default\" data-id=\"0a58a05\" data-element_type=\"section\" data-settings=\"{&quot;background_background&quot;:&quot;classic&quot;}\">\n\t\t\t\t\t\t<div class=\"elementor-container elementor-column-gap-default\">\n\t\t\t\t\t<div class=\"elementor-column elementor-col-100 elementor-top-column elementor-element elementor-element-2dc9da7\" data-id=\"2dc9da7\" data-element_type=\"column\">\n\t\t\t<div class=\"elementor-widget-wrap elementor-element-populated\">\n\t\t\t\t\t\t\t\t<div class=\"elementor-element elementor-element-eb431d9 elementor-widget elementor-widget-image\" data-id=\"eb431d9\" data-element_type=\"widget\" data-widget_type=\"image.default\">\n\t\t\t\t<div class=\"elementor-widget-container\">\n\t\t\t\t\t\t\t\t\t\t\t\t\t\t\t<img width=\"1536\" height=\"400\" src=\"https:\/\/www.giderlaw.com\/wp-content\/uploads\/2022\/06\/Startup-Giderlaw-1536x646-1.jpg\" class=\"attachment-full size-full\" alt=\"\" loading=\"lazy\" srcset=\"https:\/\/www.giderlaw.com\/wp-content\/uploads\/2022\/06\/Startup-Giderlaw-1536x646-1.jpg 1536w, https:\/\/www.giderlaw.com\/wp-content\/uploads\/2022\/06\/Startup-Giderlaw-1536x646-1-300x78.jpg 300w, https:\/\/www.giderlaw.com\/wp-content\/uploads\/2022\/06\/Startup-Giderlaw-1536x646-1-1024x267.jpg 1024w, https:\/\/www.giderlaw.com\/wp-content\/uploads\/2022\/06\/Startup-Giderlaw-1536x646-1-768x200.jpg 768w\" sizes=\"(max-width: 1536px) 100vw, 1536px\" \/>\t\t\t\t\t\t\t\t\t\t\t\t\t\t\t<\/div>\n\t\t\t\t<\/div>\n\t\t\t\t<div class=\"elementor-element elementor-element-8473ec8 elementor-widget elementor-widget-heading\" data-id=\"8473ec8\" data-element_type=\"widget\" data-widget_type=\"heading.default\">\n\t\t\t\t<div class=\"elementor-widget-container\">\n\t\t\t<h1 class=\"elementor-heading-title elementor-size-default\">Start Up Hukuku <\/h1>\t\t<\/div>\n\t\t\t\t<\/div>\n\t\t\t\t<div class=\"elementor-element elementor-element-6305ae1 elementor-widget elementor-widget-text-editor\" data-id=\"6305ae1\" data-element_type=\"widget\" data-widget_type=\"text-editor.default\">\n\t\t\t\t<div class=\"elementor-widget-container\">\n\t\t\t\t\t\t\t<p><span style=\"font-weight: 400;\">Gider Law Office, s\u0131ra d\u0131\u015f\u0131 i\u015f modelleri olu\u015fturan Start Up\u2019lar\u0131n kurulum a\u015famas\u0131nda i\u015f modellerini sa\u011flam bir hukuki zemine yerle\u015ftirmeleri ad\u0131na geli\u015fmi\u015f bir hukuk hizmeti sunmaktad\u0131r. Kurumsalla\u015fman\u0131n sa\u011fland\u0131\u011f\u0131 s\u00fcre\u00e7 boyunca start-up\u2019\u0131n hukuki i\u015f ve i\u015flemlerinin d\u00fczenlenmesini sa\u011flayan ve pek \u00e7ok farkl\u0131 hukuk disiplinini i\u00e7erisinde bar\u0131nd\u0131ran start-up hukuku, giri\u015fimcilik fikrinin ekonomik kazanca d\u00f6n\u00fc\u015ft\u00fcr\u00fclmesi s\u00fcrecinin hukuka uygun ilerlemesini sa\u011flar.<\/span><\/p><p><span style=\"font-weight: 400;\">Gider Law Office olarak Start Up kurma s\u00fcrecindeki M\u00fcvekkillerin her t\u00fcrl\u00fc hukuki ili\u015fki ve i\u015flemini yak\u0131ndan takip edilmesi ve ilgili giri\u015fimin fikri haklar\u0131n\u0131n korunmas\u0131 a\u015famas\u0131ndan ba\u015flayarak kurumsalla\u015fma s\u00fcrecinin ve yat\u0131r\u0131m a\u015famalar\u0131n\u0131n y\u00f6netimine kadar her ad\u0131mda hukuki dan\u0131\u015fmanl\u0131k hizmeti sunmaktay\u0131z. Gider Law Office ayr\u0131ca exit yapmak veya yat\u0131r\u0131m turuna \u00e7\u0131kmak isteyen yerli ve yabanc\u0131 Start-Up\u2019lar\u0131n da birle\u015fme, sat\u0131n alma ve \u00e7\u0131k\u0131\u015f planlar\u0131n\u0131 yapmak konusunda hem temsil hem de hukuki dan\u0131\u015fmanl\u0131k hizmeti sunmaktad\u0131r.<\/span><\/p>\t\t\t\t\t\t<\/div>\n\t\t\t\t<\/div>\n\t\t\t\t\t<\/div>\n\t\t<\/div>\n\t\t\t\t\t\t\t<\/div>\n\t\t<\/section>\n\t\t\t\t<section class=\"elementor-section elementor-top-section elementor-element elementor-element-ea66cf1 elementor-section-boxed elementor-section-height-default elementor-section-height-default\" data-id=\"ea66cf1\" data-element_type=\"section\">\n\t\t\t\t\t\t<div class=\"elementor-container elementor-column-gap-default\">\n\t\t\t\t\t<div class=\"elementor-column elementor-col-33 elementor-top-column elementor-element elementor-element-31cb8db\" data-id=\"31cb8db\" data-element_type=\"column\">\n\t\t\t<div class=\"elementor-widget-wrap\">\n\t\t\t\t\t\t\t\t\t<\/div>\n\t\t<\/div>\n\t\t\t\t<div class=\"elementor-column elementor-col-33 elementor-top-column elementor-element elementor-element-c0c1a63\" data-id=\"c0c1a63\" data-element_type=\"column\">\n\t\t\t<div class=\"elementor-widget-wrap elementor-element-populated\">\n\t\t\t\t\t\t\t\t<div class=\"elementor-element elementor-element-0ef17ff elementor-widget elementor-widget-heading\" data-id=\"0ef17ff\" data-element_type=\"widget\" data-widget_type=\"heading.default\">\n\t\t\t\t<div class=\"elementor-widget-container\">\n\t\t\t<h3 class=\"elementor-heading-title elementor-size-default\">Daha Fazla Bilgi<\/h3>\t\t<\/div>\n\t\t\t\t<\/div>\n\t\t\t\t<div class=\"elementor-element elementor-element-c2ca001 elementor-widget elementor-widget-shortcode\" data-id=\"c2ca001\" data-element_type=\"widget\" data-widget_type=\"shortcode.default\">\n\t\t\t\t<div class=\"elementor-widget-container\">\n\t\t\t\t\t<div class=\"elementor-shortcode\"><div role=\"form\" class=\"wpcf7\" id=\"wpcf7-f9523-o1\" lang=\"en-US\" dir=\"ltr\">\n<div class=\"screen-reader-response\"><p role=\"status\" aria-live=\"polite\" aria-atomic=\"true\"><\/p> <ul><\/ul><\/div>\n<form action=\"\/tr\/wp-json\/wp\/v2\/pages\/9770#wpcf7-f9523-o1\" method=\"post\" class=\"wpcf7-form init\" novalidate=\"novalidate\" data-status=\"init\">\n<div style=\"display: none;\">\n<input type=\"hidden\" name=\"_wpcf7\" value=\"9523\" \/>\n<input type=\"hidden\" name=\"_wpcf7_version\" value=\"5.5.6.1\" \/>\n<input type=\"hidden\" name=\"_wpcf7_locale\" value=\"en_US\" \/>\n<input type=\"hidden\" name=\"_wpcf7_unit_tag\" value=\"wpcf7-f9523-o1\" \/>\n<input type=\"hidden\" name=\"_wpcf7_container_post\" value=\"0\" \/>\n<input type=\"hidden\" name=\"_wpcf7_posted_data_hash\" value=\"\" \/>\n<\/div>\n<div id=\"contact-form\" class=\"contact-box3 contact-form-box\">\n  <div class=\"row gutters-20\">\n    <div class=\"col-md-6 form-group\">\n        <span class=\"wpcf7-form-control-wrap f-name\"><input type=\"text\" name=\"f-name\" value=\"\" size=\"40\" class=\"wpcf7-form-control wpcf7-text wpcf7-validates-as-required form-control\" aria-required=\"true\" aria-invalid=\"false\" placeholder=\"Ad Soyad\" \/><\/span>\n\t<div class=\"help-block with-errors\"><\/div>\n    <\/div>\n    <div class=\"col-md-6 form-group\">\n       <span class=\"wpcf7-form-control-wrap email\"><input type=\"email\" name=\"email\" value=\"\" size=\"40\" class=\"wpcf7-form-control wpcf7-text wpcf7-email wpcf7-validates-as-required wpcf7-validates-as-email form-control\" aria-required=\"true\" aria-invalid=\"false\" placeholder=\"E-Posta\" \/><\/span>\n\t<div class=\"help-block with-errors\"><\/div>\n    <\/div>\n    <div class=\"col-12 form-group\">\n        <span class=\"wpcf7-form-control-wrap subject\"><input type=\"text\" name=\"subject\" value=\"\" size=\"40\" class=\"wpcf7-form-control wpcf7-text wpcf7-validates-as-required form-control\" aria-required=\"true\" aria-invalid=\"false\" placeholder=\"Konu\" \/><\/span>\n\t<div class=\"help-block with-errors\"><\/div>\n    <\/div>\n    <div class=\"col-12 form-group\">\n        <span class=\"wpcf7-form-control-wrap message\"><textarea name=\"message\" cols=\"20\" rows=\"5\" class=\"wpcf7-form-control wpcf7-textarea wpcf7-validates-as-required textarea form-control\" aria-required=\"true\" aria-invalid=\"false\" placeholder=\"Mesaj\u0131n\u0131z\"><\/textarea><\/span>\n        <div class=\"help-block with-errors\"><\/div>\n     <\/div>\n     <div class=\"col-12 form-group text-center\">\n\t<button type=\"submit\" class=\"btn-fill\">G\u00f6nder<\/button>\n       <\/div>\n      <div class=\"form-response\"><\/div>\n    <\/div>\n<\/div><div class=\"wpcf7-response-output\" aria-hidden=\"true\"><\/div><\/form><\/div>\n<\/div>\n\t\t\t\t<\/div>\n\t\t\t\t<\/div>\n\t\t\t\t\t<\/div>\n\t\t<\/div>\n\t\t\t\t<div class=\"elementor-column elementor-col-33 elementor-top-column elementor-element elementor-element-4d32790\" data-id=\"4d32790\" data-element_type=\"column\">\n\t\t\t<div class=\"elementor-widget-wrap\">\n\t\t\t\t\t\t\t\t\t<\/div>\n\t\t<\/div>\n\t\t\t\t\t\t\t<\/div>\n\t\t<\/section>\n\t\t\t\t\t\t\t<\/div>\n\t\t","protected":false},"excerpt":{"rendered":"<p>Start Up Hukuku Gider Law Office, s\u0131ra d\u0131\u015f\u0131 i\u015f modelleri olu\u015fturan Start Up\u2019lar\u0131n kurulum a\u015famas\u0131nda i\u015f modellerini sa\u011flam bir hukuki zemine yerle\u015ftirmeleri ad\u0131na geli\u015fmi\u015f bir hukuk hizmeti sunmaktad\u0131r. Kurumsalla\u015fman\u0131n sa\u011fland\u0131\u011f\u0131 s\u00fcre\u00e7 boyunca start-up\u2019\u0131n hukuki i\u015f ve i\u015flemlerinin d\u00fczenlenmesini sa\u011flayan ve pek \u00e7ok farkl\u0131 hukuk disiplinini i\u00e7erisinde bar\u0131nd\u0131ran start-up hukuku, giri\u015fimcilik fikrinin ekonomik kazanca d\u00f6n\u00fc\u015ft\u00fcr\u00fclmesi s\u00fcrecinin&#8230;<\/p>\n","protected":false},"author":1,"featured_media":0,"parent":0,"menu_order":0,"comment_status":"closed","ping_status":"closed","template":"elementor_header_footer","meta":[],"_links":{"self":[{"href":"https:\/\/www.giderlaw.com\/tr\/wp-json\/wp\/v2\/pages\/9770"}],"collection":[{"href":"https:\/\/www.giderlaw.com\/tr\/wp-json\/wp\/v2\/pages"}],"about":[{"href":"https:\/\/www.giderlaw.com\/tr\/wp-json\/wp\/v2\/types\/page"}],"author":[{"embeddable":true,"href":"https:\/\/www.giderlaw.com\/tr\/wp-json\/wp\/v2\/users\/1"}],"replies":[{"embeddable":true,"href":"https:\/\/www.giderlaw.com\/tr\/wp-json\/wp\/v2\/comments?post=9770"}],"version-history":[{"count":9,"href":"https:\/\/www.giderlaw.com\/tr\/wp-json\/wp\/v2\/pages\/9770\/revisions"}],"predecessor-version":[{"id":10021,"href":"https:\/\/www.giderlaw.com\/tr\/wp-json\/wp\/v2\/pages\/9770\/revisions\/10021"}],"wp:attachment":[{"href":"https:\/\/www.giderlaw.com\/tr\/wp-json\/wp\/v2\/media?parent=9770"}],"curies":[{"name":"wp","href":"https:\/\/api.w.org\/{rel}","templated":true}]}}