{"id":9736,"date":"2022-06-03T17:02:28","date_gmt":"2022-06-03T14:02:28","guid":{"rendered":"https:\/\/www.giderlaw.com\/?page_id=9736"},"modified":"2022-06-07T15:01:11","modified_gmt":"2022-06-07T12:01:11","slug":"is-hukuku","status":"publish","type":"page","link":"https:\/\/www.giderlaw.com\/tr\/is-hukuku\/","title":{"rendered":"\u0130\u015f Hukuku"},"content":{"rendered":"\t\t<div data-elementor-type=\"wp-page\" data-elementor-id=\"9736\" class=\"elementor elementor-9736\">\n\t\t\t\t\t\t\t\t\t<section class=\"elementor-section elementor-top-section elementor-element elementor-element-6a643a3 elementor-section-boxed elementor-section-height-default elementor-section-height-default\" data-id=\"6a643a3\" data-element_type=\"section\" data-settings=\"{&quot;background_background&quot;:&quot;classic&quot;}\">\n\t\t\t\t\t\t<div class=\"elementor-container elementor-column-gap-default\">\n\t\t\t\t\t<div class=\"elementor-column elementor-col-100 elementor-top-column elementor-element elementor-element-8f4d69a\" data-id=\"8f4d69a\" data-element_type=\"column\">\n\t\t\t<div class=\"elementor-widget-wrap elementor-element-populated\">\n\t\t\t\t\t\t\t\t<div class=\"elementor-element elementor-element-88ccfad elementor-widget elementor-widget-image\" data-id=\"88ccfad\" data-element_type=\"widget\" data-widget_type=\"image.default\">\n\t\t\t\t<div class=\"elementor-widget-container\">\n\t\t\t\t\t\t\t\t\t\t\t\t\t\t\t<img width=\"1536\" height=\"400\" src=\"https:\/\/www.giderlaw.com\/wp-content\/uploads\/2022\/06\/labour-law-giderlaw-1536x646-1.jpg\" class=\"attachment-full size-full\" alt=\"\" loading=\"lazy\" srcset=\"https:\/\/www.giderlaw.com\/wp-content\/uploads\/2022\/06\/labour-law-giderlaw-1536x646-1.jpg 1536w, https:\/\/www.giderlaw.com\/wp-content\/uploads\/2022\/06\/labour-law-giderlaw-1536x646-1-300x78.jpg 300w, https:\/\/www.giderlaw.com\/wp-content\/uploads\/2022\/06\/labour-law-giderlaw-1536x646-1-1024x267.jpg 1024w, https:\/\/www.giderlaw.com\/wp-content\/uploads\/2022\/06\/labour-law-giderlaw-1536x646-1-768x200.jpg 768w\" sizes=\"(max-width: 1536px) 100vw, 1536px\" \/>\t\t\t\t\t\t\t\t\t\t\t\t\t\t\t<\/div>\n\t\t\t\t<\/div>\n\t\t\t\t<div class=\"elementor-element elementor-element-d99afbb elementor-widget elementor-widget-heading\" data-id=\"d99afbb\" data-element_type=\"widget\" data-widget_type=\"heading.default\">\n\t\t\t\t<div class=\"elementor-widget-container\">\n\t\t\t<h1 class=\"elementor-heading-title elementor-size-default\">\u0130\u015f Hukuku<\/h1>\t\t<\/div>\n\t\t\t\t<\/div>\n\t\t\t\t<div class=\"elementor-element elementor-element-2be3f8f elementor-widget elementor-widget-text-editor\" data-id=\"2be3f8f\" data-element_type=\"widget\" data-widget_type=\"text-editor.default\">\n\t\t\t\t<div class=\"elementor-widget-container\">\n\t\t\t\t\t\t\t<p><span style=\"font-weight: 400;\">Gider Law Office, M\u00fcvekkillerine i\u015f hukuku ba\u011flam\u0131nda geni\u015f bir \u00e7er\u00e7evede \u00e7e\u015fitli hukuk ve dan\u0131\u015fmanl\u0131k hizmetleri sunmaktad\u0131r. \u0130\u015f\u00e7i ve i\u015fveren aras\u0131ndaki ili\u015fkilerin d\u00fczenlenmesi, hizmet s\u00f6zle\u015fmelerinin haz\u0131rlanmas\u0131, i\u015fe alma ve i\u015ften \u00e7\u0131karmaya ili\u015fkin usullerin olu\u015fturulmas\u0131, performans de\u011ferlendirme ve insan kaynaklar\u0131 y\u00f6netimi konusunda hukuk destek sa\u011flanmas\u0131, i\u015f\u00e7i ve i\u015fveren aras\u0131nda \u00e7\u0131kan uyu\u015fmazl\u0131klar\u0131n \u00e7\u00f6z\u00fcmlenmesi noktas\u0131nda sunulan hizmetler aras\u0131ndad\u0131r.<\/span><\/p><p><span style=\"font-weight: 400;\">Gider Law Office, \u0130\u015f Hukuku alan\u0131nda klasik yakla\u015f\u0131m\u0131n aksine M\u00fcvekkillerine alternatif \u00e7\u00f6z\u00fcmler yaratma konusunda olduk\u00e7a tecr\u00fcbelidir. \u0130\u015f Hukuku alan\u0131nda Gider Law Office\u2019in temel amac\u0131 hen\u00fcz uyu\u015fmazl\u0131k olu\u015fmadan, uyu\u015fmazl\u0131\u011fa neden olabilecek hususlar\u0131n tespit edilip bu hususlar\u0131n en adil bi\u00e7imde hen\u00fcz bir uyu\u015fmazl\u0131\u011fa d\u00f6n\u00fc\u015fmeden yerinde ve do\u011fru m\u00fcdahale ile sonland\u0131r\u0131lmas\u0131d\u0131r. Gider Law Office var olan \u0130\u015f Hukuku uyu\u015fmazl\u0131klar\u0131nda ise geli\u015fmi\u015f m\u00fczakere teknikleri ile M\u00fcvekkillerini en uygun bi\u00e7imde temsil etmektedir.<\/span><\/p>\t\t\t\t\t\t<\/div>\n\t\t\t\t<\/div>\n\t\t\t\t\t<\/div>\n\t\t<\/div>\n\t\t\t\t\t\t\t<\/div>\n\t\t<\/section>\n\t\t\t\t<section class=\"elementor-section elementor-top-section elementor-element elementor-element-2d96c76 elementor-section-boxed elementor-section-height-default elementor-section-height-default\" data-id=\"2d96c76\" data-element_type=\"section\">\n\t\t\t\t\t\t<div class=\"elementor-container elementor-column-gap-default\">\n\t\t\t\t\t<div class=\"elementor-column elementor-col-33 elementor-top-column elementor-element elementor-element-63dc4df\" data-id=\"63dc4df\" data-element_type=\"column\">\n\t\t\t<div class=\"elementor-widget-wrap\">\n\t\t\t\t\t\t\t\t\t<\/div>\n\t\t<\/div>\n\t\t\t\t<div class=\"elementor-column elementor-col-33 elementor-top-column elementor-element elementor-element-f54b397\" data-id=\"f54b397\" data-element_type=\"column\">\n\t\t\t<div class=\"elementor-widget-wrap elementor-element-populated\">\n\t\t\t\t\t\t\t\t<div class=\"elementor-element elementor-element-731017c elementor-widget elementor-widget-heading\" data-id=\"731017c\" data-element_type=\"widget\" data-widget_type=\"heading.default\">\n\t\t\t\t<div class=\"elementor-widget-container\">\n\t\t\t<h3 class=\"elementor-heading-title elementor-size-default\">Daha Fazla Bilgi<\/h3>\t\t<\/div>\n\t\t\t\t<\/div>\n\t\t\t\t<div class=\"elementor-element elementor-element-c697708 elementor-widget elementor-widget-shortcode\" data-id=\"c697708\" data-element_type=\"widget\" data-widget_type=\"shortcode.default\">\n\t\t\t\t<div class=\"elementor-widget-container\">\n\t\t\t\t\t<div class=\"elementor-shortcode\"><div role=\"form\" class=\"wpcf7\" id=\"wpcf7-f9523-o1\" lang=\"en-US\" dir=\"ltr\">\n<div class=\"screen-reader-response\"><p role=\"status\" aria-live=\"polite\" aria-atomic=\"true\"><\/p> <ul><\/ul><\/div>\n<form action=\"\/tr\/wp-json\/wp\/v2\/pages\/9736#wpcf7-f9523-o1\" method=\"post\" class=\"wpcf7-form init\" novalidate=\"novalidate\" data-status=\"init\">\n<div style=\"display: none;\">\n<input type=\"hidden\" name=\"_wpcf7\" value=\"9523\" \/>\n<input type=\"hidden\" name=\"_wpcf7_version\" value=\"5.5.6.1\" \/>\n<input type=\"hidden\" name=\"_wpcf7_locale\" value=\"en_US\" \/>\n<input type=\"hidden\" name=\"_wpcf7_unit_tag\" value=\"wpcf7-f9523-o1\" \/>\n<input type=\"hidden\" name=\"_wpcf7_container_post\" value=\"0\" \/>\n<input type=\"hidden\" name=\"_wpcf7_posted_data_hash\" value=\"\" \/>\n<\/div>\n<div id=\"contact-form\" class=\"contact-box3 contact-form-box\">\n  <div class=\"row gutters-20\">\n    <div class=\"col-md-6 form-group\">\n        <span class=\"wpcf7-form-control-wrap f-name\"><input type=\"text\" name=\"f-name\" value=\"\" size=\"40\" class=\"wpcf7-form-control wpcf7-text wpcf7-validates-as-required form-control\" aria-required=\"true\" aria-invalid=\"false\" placeholder=\"Ad Soyad\" \/><\/span>\n\t<div class=\"help-block with-errors\"><\/div>\n    <\/div>\n    <div class=\"col-md-6 form-group\">\n       <span class=\"wpcf7-form-control-wrap email\"><input type=\"email\" name=\"email\" value=\"\" size=\"40\" class=\"wpcf7-form-control wpcf7-text wpcf7-email wpcf7-validates-as-required wpcf7-validates-as-email form-control\" aria-required=\"true\" aria-invalid=\"false\" placeholder=\"E-Posta\" \/><\/span>\n\t<div class=\"help-block with-errors\"><\/div>\n    <\/div>\n    <div class=\"col-12 form-group\">\n        <span class=\"wpcf7-form-control-wrap subject\"><input type=\"text\" name=\"subject\" value=\"\" size=\"40\" class=\"wpcf7-form-control wpcf7-text wpcf7-validates-as-required form-control\" aria-required=\"true\" aria-invalid=\"false\" placeholder=\"Konu\" \/><\/span>\n\t<div class=\"help-block with-errors\"><\/div>\n    <\/div>\n    <div class=\"col-12 form-group\">\n        <span class=\"wpcf7-form-control-wrap message\"><textarea name=\"message\" cols=\"20\" rows=\"5\" class=\"wpcf7-form-control wpcf7-textarea wpcf7-validates-as-required textarea form-control\" aria-required=\"true\" aria-invalid=\"false\" placeholder=\"Mesaj\u0131n\u0131z\"><\/textarea><\/span>\n        <div class=\"help-block with-errors\"><\/div>\n     <\/div>\n     <div class=\"col-12 form-group text-center\">\n\t<button type=\"submit\" class=\"btn-fill\">G\u00f6nder<\/button>\n       <\/div>\n      <div class=\"form-response\"><\/div>\n    <\/div>\n<\/div><div class=\"wpcf7-response-output\" aria-hidden=\"true\"><\/div><\/form><\/div><\/div>\n\t\t\t\t<\/div>\n\t\t\t\t<\/div>\n\t\t\t\t\t<\/div>\n\t\t<\/div>\n\t\t\t\t<div class=\"elementor-column elementor-col-33 elementor-top-column elementor-element elementor-element-eacc08b\" data-id=\"eacc08b\" data-element_type=\"column\">\n\t\t\t<div class=\"elementor-widget-wrap\">\n\t\t\t\t\t\t\t\t\t<\/div>\n\t\t<\/div>\n\t\t\t\t\t\t\t<\/div>\n\t\t<\/section>\n\t\t\t\t\t\t\t<\/div>\n\t\t","protected":false},"excerpt":{"rendered":"<p>\u0130\u015f Hukuku Gider Law Office, M\u00fcvekkillerine i\u015f hukuku ba\u011flam\u0131nda geni\u015f bir \u00e7er\u00e7evede \u00e7e\u015fitli hukuk ve dan\u0131\u015fmanl\u0131k hizmetleri sunmaktad\u0131r. \u0130\u015f\u00e7i ve i\u015fveren aras\u0131ndaki ili\u015fkilerin d\u00fczenlenmesi, hizmet s\u00f6zle\u015fmelerinin haz\u0131rlanmas\u0131, i\u015fe alma ve i\u015ften \u00e7\u0131karmaya ili\u015fkin usullerin olu\u015fturulmas\u0131, performans de\u011ferlendirme ve insan kaynaklar\u0131 y\u00f6netimi konusunda hukuk destek sa\u011flanmas\u0131, i\u015f\u00e7i ve i\u015fveren aras\u0131nda \u00e7\u0131kan uyu\u015fmazl\u0131klar\u0131n \u00e7\u00f6z\u00fcmlenmesi noktas\u0131nda sunulan hizmetler&#8230;<\/p>\n","protected":false},"author":1,"featured_media":0,"parent":0,"menu_order":0,"comment_status":"closed","ping_status":"closed","template":"elementor_header_footer","meta":[],"_links":{"self":[{"href":"https:\/\/www.giderlaw.com\/tr\/wp-json\/wp\/v2\/pages\/9736"}],"collection":[{"href":"https:\/\/www.giderlaw.com\/tr\/wp-json\/wp\/v2\/pages"}],"about":[{"href":"https:\/\/www.giderlaw.com\/tr\/wp-json\/wp\/v2\/types\/page"}],"author":[{"embeddable":true,"href":"https:\/\/www.giderlaw.com\/tr\/wp-json\/wp\/v2\/users\/1"}],"replies":[{"embeddable":true,"href":"https:\/\/www.giderlaw.com\/tr\/wp-json\/wp\/v2\/comments?post=9736"}],"version-history":[{"count":11,"href":"https:\/\/www.giderlaw.com\/tr\/wp-json\/wp\/v2\/pages\/9736\/revisions"}],"predecessor-version":[{"id":10024,"href":"https:\/\/www.giderlaw.com\/tr\/wp-json\/wp\/v2\/pages\/9736\/revisions\/10024"}],"wp:attachment":[{"href":"https:\/\/www.giderlaw.com\/tr\/wp-json\/wp\/v2\/media?parent=9736"}],"curies":[{"name":"wp","href":"https:\/\/api.w.org\/{rel}","templated":true}]}}