{"id":9730,"date":"2022-06-03T16:58:23","date_gmt":"2022-06-03T13:58:23","guid":{"rendered":"https:\/\/www.giderlaw.com\/corporate-law-and-contract-law\/"},"modified":"2022-06-07T15:05:46","modified_gmt":"2022-06-07T12:05:46","slug":"sirketler-ve-sozlesmeler-hukuku","status":"publish","type":"page","link":"https:\/\/www.giderlaw.com\/tr\/sirketler-ve-sozlesmeler-hukuku\/","title":{"rendered":"\u015eirketler ve S\u00f6zle\u015fmeler Hukuku"},"content":{"rendered":"\t\t<div data-elementor-type=\"wp-page\" data-elementor-id=\"9730\" class=\"elementor elementor-9730\">\n\t\t\t\t\t\t\t\t\t<section class=\"elementor-section elementor-top-section elementor-element elementor-element-8318897 elementor-section-boxed elementor-section-height-default elementor-section-height-default\" data-id=\"8318897\" data-element_type=\"section\" data-settings=\"{&quot;background_background&quot;:&quot;classic&quot;}\">\n\t\t\t\t\t\t<div class=\"elementor-container elementor-column-gap-default\">\n\t\t\t\t\t<div class=\"elementor-column elementor-col-100 elementor-top-column elementor-element elementor-element-be81890\" data-id=\"be81890\" data-element_type=\"column\">\n\t\t\t<div class=\"elementor-widget-wrap elementor-element-populated\">\n\t\t\t\t\t\t\t\t<div class=\"elementor-element elementor-element-d51a7bd elementor-widget elementor-widget-image\" data-id=\"d51a7bd\" data-element_type=\"widget\" data-widget_type=\"image.default\">\n\t\t\t\t<div class=\"elementor-widget-container\">\n\t\t\t\t\t\t\t\t\t\t\t\t\t\t\t<img width=\"1536\" height=\"400\" src=\"https:\/\/www.giderlaw.com\/wp-content\/uploads\/2022\/06\/Contract-Law-giderlaw-1536x646-1.jpg\" class=\"attachment-full size-full\" alt=\"\" loading=\"lazy\" srcset=\"https:\/\/www.giderlaw.com\/wp-content\/uploads\/2022\/06\/Contract-Law-giderlaw-1536x646-1.jpg 1536w, https:\/\/www.giderlaw.com\/wp-content\/uploads\/2022\/06\/Contract-Law-giderlaw-1536x646-1-300x78.jpg 300w, https:\/\/www.giderlaw.com\/wp-content\/uploads\/2022\/06\/Contract-Law-giderlaw-1536x646-1-1024x267.jpg 1024w, https:\/\/www.giderlaw.com\/wp-content\/uploads\/2022\/06\/Contract-Law-giderlaw-1536x646-1-768x200.jpg 768w\" sizes=\"(max-width: 1536px) 100vw, 1536px\" \/>\t\t\t\t\t\t\t\t\t\t\t\t\t\t\t<\/div>\n\t\t\t\t<\/div>\n\t\t\t\t<div class=\"elementor-element elementor-element-6bc4000 elementor-widget elementor-widget-heading\" data-id=\"6bc4000\" data-element_type=\"widget\" data-widget_type=\"heading.default\">\n\t\t\t\t<div class=\"elementor-widget-container\">\n\t\t\t<h1 class=\"elementor-heading-title elementor-size-default\">\u015eirketler ve S\u00f6zle\u015fmeler Hukuku\n<\/h1>\t\t<\/div>\n\t\t\t\t<\/div>\n\t\t\t\t<div class=\"elementor-element elementor-element-54b7afd elementor-widget elementor-widget-text-editor\" data-id=\"54b7afd\" data-element_type=\"widget\" data-widget_type=\"text-editor.default\">\n\t\t\t\t<div class=\"elementor-widget-container\">\n\t\t\t\t\t\t\t<p><span style=\"font-weight: 400;\">Gider Law Office, yerli ve yabanc\u0131 sermayeli \u015firketlerle birlikte ortak giri\u015fim kurulu\u015f i\u015flemleri, i\u015fletme yap\u0131lanmas\u0131, pazara giri\u015f yap\u0131land\u0131rmalar\u0131, kurumsal y\u00f6netim uygulamalar\u0131 ve her t\u00fcrl\u00fc yerel ve uluslararas\u0131 ticari s\u00f6zle\u015fmelerin d\u00fczenlenmesi ve m\u00fczakeresini kapsayan geni\u015f bir yelpazede \u015firketler hukuku ve ticari s\u00f6zle\u015fmeler alan\u0131nda hizmet vermektedir.<\/span><\/p><p><span style=\"font-weight: 400;\">Gider Law Office b\u00fcnyesinde \u00e7al\u0131\u015fan tecr\u00fcbeli hukuk\u00e7ularla birlikte \u015firket kurulu\u015f a\u015famas\u0131nda \u015firketin i\u015f yapaca\u011f\u0131 faaliyet kolunun se\u00e7iminden, ana s\u00f6zle\u015fmenin ve hissedarl\u0131k s\u00f6zle\u015fmesinin haz\u0131rlanmas\u0131 gibi konularda geni\u015f yelpazede bir destek sunmaktad\u0131r. Bununla birlikte Gider Law Office\u2019in uzun zamand\u0131r \u00e7al\u0131\u015fmakta oldu\u011fu i\u015f ortaklar\u0131yla birlikte kurulacak olan \u015firketlere muhasebe ve finans alan\u0131nda da destek verilmekte olup; \u015firketlerin kar\u015f\u0131la\u015fabilece\u011fi her t\u00fcrl\u00fc senaryoda geni\u015f perspektife ve hayat\u0131n ger\u00e7eklerine dayal\u0131 bir hukuk dan\u0131\u015fmanl\u0131\u011f\u0131 hizmeti sunulmaktad\u0131r.<\/span><\/p><p><span style=\"font-weight: 400;\">Gider Law Office ayr\u0131ca her t\u00fcrl\u00fc ticari s\u00f6zle\u015fmelerin <\/span><i><span style=\"font-weight: 400;\">(Ticari Sat\u0131m S\u00f6zle\u015fmesi, Mal Al\u0131m S\u00f6zle\u015fmesi, Acente S\u00f6zle\u015fmesi, \u0130n\u015faat S\u00f6zle\u015fmeleri, Kredi S\u00f6zle\u015fmeleri, Lisans S\u00f6zle\u015fmeleri, \u0130\u015f S\u00f6zle\u015fmeleri, Y\u00f6netim, Dan\u0131\u015fmanl\u0131k ve Hizmet S\u00f6zle\u015fmeleri dahil ancak bunlarla s\u0131n\u0131rl\u0131 olmamak \u00fczere)<\/span><\/i><span style=\"font-weight: 400;\"> akdedilmesi konusunda, imza \u00f6ncesi yap\u0131lacak m\u00fczakere, s\u00f6zle\u015fme tasla\u011f\u0131n\u0131n haz\u0131rlanmas\u0131, revize edilmesi ve sonland\u0131r\u0131lmas\u0131 konular\u0131nda derin bir tecr\u00fcbeye sahiptir. Gider Law Office ayr\u0131ca, \u015firketlerin ola\u011fan i\u015flerinde ve \u015firketlerin faaliyetine son verme hallerinde de M\u00fcvekkillerine hukuki hizmet sa\u011flamaktad\u0131r.<\/span><\/p>\t\t\t\t\t\t<\/div>\n\t\t\t\t<\/div>\n\t\t\t\t\t<\/div>\n\t\t<\/div>\n\t\t\t\t\t\t\t<\/div>\n\t\t<\/section>\n\t\t\t\t<section class=\"elementor-section elementor-top-section elementor-element elementor-element-424643a elementor-section-boxed elementor-section-height-default elementor-section-height-default\" data-id=\"424643a\" data-element_type=\"section\">\n\t\t\t\t\t\t<div class=\"elementor-container elementor-column-gap-default\">\n\t\t\t\t\t<div class=\"elementor-column elementor-col-33 elementor-top-column elementor-element elementor-element-c6394c8\" data-id=\"c6394c8\" data-element_type=\"column\">\n\t\t\t<div class=\"elementor-widget-wrap\">\n\t\t\t\t\t\t\t\t\t<\/div>\n\t\t<\/div>\n\t\t\t\t<div class=\"elementor-column elementor-col-33 elementor-top-column elementor-element elementor-element-b911867\" data-id=\"b911867\" data-element_type=\"column\">\n\t\t\t<div class=\"elementor-widget-wrap elementor-element-populated\">\n\t\t\t\t\t\t\t\t<div class=\"elementor-element elementor-element-e3f3c53 elementor-widget elementor-widget-heading\" data-id=\"e3f3c53\" data-element_type=\"widget\" data-widget_type=\"heading.default\">\n\t\t\t\t<div class=\"elementor-widget-container\">\n\t\t\t<h3 class=\"elementor-heading-title elementor-size-default\">Daha Fazla Bilgi<\/h3>\t\t<\/div>\n\t\t\t\t<\/div>\n\t\t\t\t<div class=\"elementor-element elementor-element-ccf66f2 elementor-widget elementor-widget-shortcode\" data-id=\"ccf66f2\" data-element_type=\"widget\" data-widget_type=\"shortcode.default\">\n\t\t\t\t<div class=\"elementor-widget-container\">\n\t\t\t\t\t<div class=\"elementor-shortcode\"><div role=\"form\" class=\"wpcf7\" id=\"wpcf7-f9523-o1\" lang=\"en-US\" dir=\"ltr\">\n<div class=\"screen-reader-response\"><p role=\"status\" aria-live=\"polite\" aria-atomic=\"true\"><\/p> <ul><\/ul><\/div>\n<form action=\"\/tr\/wp-json\/wp\/v2\/pages\/9730#wpcf7-f9523-o1\" method=\"post\" class=\"wpcf7-form init\" novalidate=\"novalidate\" data-status=\"init\">\n<div style=\"display: none;\">\n<input type=\"hidden\" name=\"_wpcf7\" value=\"9523\" \/>\n<input type=\"hidden\" name=\"_wpcf7_version\" value=\"5.5.6.1\" \/>\n<input type=\"hidden\" name=\"_wpcf7_locale\" value=\"en_US\" \/>\n<input type=\"hidden\" name=\"_wpcf7_unit_tag\" value=\"wpcf7-f9523-o1\" \/>\n<input type=\"hidden\" name=\"_wpcf7_container_post\" value=\"0\" \/>\n<input type=\"hidden\" name=\"_wpcf7_posted_data_hash\" value=\"\" \/>\n<\/div>\n<div id=\"contact-form\" class=\"contact-box3 contact-form-box\">\n  <div class=\"row gutters-20\">\n    <div class=\"col-md-6 form-group\">\n        <span class=\"wpcf7-form-control-wrap f-name\"><input type=\"text\" name=\"f-name\" value=\"\" size=\"40\" class=\"wpcf7-form-control wpcf7-text wpcf7-validates-as-required form-control\" aria-required=\"true\" aria-invalid=\"false\" placeholder=\"Ad Soyad\" \/><\/span>\n\t<div class=\"help-block with-errors\"><\/div>\n    <\/div>\n    <div class=\"col-md-6 form-group\">\n       <span class=\"wpcf7-form-control-wrap email\"><input type=\"email\" name=\"email\" value=\"\" size=\"40\" class=\"wpcf7-form-control wpcf7-text wpcf7-email wpcf7-validates-as-required wpcf7-validates-as-email form-control\" aria-required=\"true\" aria-invalid=\"false\" placeholder=\"E-Posta\" \/><\/span>\n\t<div class=\"help-block with-errors\"><\/div>\n    <\/div>\n    <div class=\"col-12 form-group\">\n        <span class=\"wpcf7-form-control-wrap subject\"><input type=\"text\" name=\"subject\" value=\"\" size=\"40\" class=\"wpcf7-form-control wpcf7-text wpcf7-validates-as-required form-control\" aria-required=\"true\" aria-invalid=\"false\" placeholder=\"Konu\" \/><\/span>\n\t<div class=\"help-block with-errors\"><\/div>\n    <\/div>\n    <div class=\"col-12 form-group\">\n        <span class=\"wpcf7-form-control-wrap message\"><textarea name=\"message\" cols=\"20\" rows=\"5\" class=\"wpcf7-form-control wpcf7-textarea wpcf7-validates-as-required textarea form-control\" aria-required=\"true\" aria-invalid=\"false\" placeholder=\"Mesaj\u0131n\u0131z\"><\/textarea><\/span>\n        <div class=\"help-block with-errors\"><\/div>\n     <\/div>\n     <div class=\"col-12 form-group text-center\">\n\t<button type=\"submit\" class=\"btn-fill\">G\u00f6nder<\/button>\n       <\/div>\n      <div class=\"form-response\"><\/div>\n    <\/div>\n<\/div><div class=\"wpcf7-response-output\" aria-hidden=\"true\"><\/div><\/form><\/div>\n<\/div>\n\t\t\t\t<\/div>\n\t\t\t\t<\/div>\n\t\t\t\t\t<\/div>\n\t\t<\/div>\n\t\t\t\t<div class=\"elementor-column elementor-col-33 elementor-top-column elementor-element elementor-element-2f33a80\" data-id=\"2f33a80\" data-element_type=\"column\">\n\t\t\t<div class=\"elementor-widget-wrap\">\n\t\t\t\t\t\t\t\t\t<\/div>\n\t\t<\/div>\n\t\t\t\t\t\t\t<\/div>\n\t\t<\/section>\n\t\t\t\t\t\t\t<\/div>\n\t\t","protected":false},"excerpt":{"rendered":"<p>\u015eirketler ve S\u00f6zle\u015fmeler Hukuku Gider Law Office, yerli ve yabanc\u0131 sermayeli \u015firketlerle birlikte ortak giri\u015fim kurulu\u015f i\u015flemleri, i\u015fletme yap\u0131lanmas\u0131, pazara giri\u015f yap\u0131land\u0131rmalar\u0131, kurumsal y\u00f6netim uygulamalar\u0131 ve her t\u00fcrl\u00fc yerel ve uluslararas\u0131 ticari s\u00f6zle\u015fmelerin d\u00fczenlenmesi ve m\u00fczakeresini kapsayan geni\u015f bir yelpazede \u015firketler hukuku ve ticari s\u00f6zle\u015fmeler alan\u0131nda hizmet vermektedir. Gider Law Office b\u00fcnyesinde \u00e7al\u0131\u015fan tecr\u00fcbeli hukuk\u00e7ularla&#8230;<\/p>\n","protected":false},"author":1,"featured_media":0,"parent":0,"menu_order":0,"comment_status":"closed","ping_status":"closed","template":"elementor_header_footer","meta":[],"_links":{"self":[{"href":"https:\/\/www.giderlaw.com\/tr\/wp-json\/wp\/v2\/pages\/9730"}],"collection":[{"href":"https:\/\/www.giderlaw.com\/tr\/wp-json\/wp\/v2\/pages"}],"about":[{"href":"https:\/\/www.giderlaw.com\/tr\/wp-json\/wp\/v2\/types\/page"}],"author":[{"embeddable":true,"href":"https:\/\/www.giderlaw.com\/tr\/wp-json\/wp\/v2\/users\/1"}],"replies":[{"embeddable":true,"href":"https:\/\/www.giderlaw.com\/tr\/wp-json\/wp\/v2\/comments?post=9730"}],"version-history":[{"count":7,"href":"https:\/\/www.giderlaw.com\/tr\/wp-json\/wp\/v2\/pages\/9730\/revisions"}],"predecessor-version":[{"id":10039,"href":"https:\/\/www.giderlaw.com\/tr\/wp-json\/wp\/v2\/pages\/9730\/revisions\/10039"}],"wp:attachment":[{"href":"https:\/\/www.giderlaw.com\/tr\/wp-json\/wp\/v2\/media?parent=9730"}],"curies":[{"name":"wp","href":"https:\/\/api.w.org\/{rel}","templated":true}]}}