{"id":9550,"date":"2022-05-17T09:56:03","date_gmt":"2022-05-17T06:56:03","guid":{"rendered":"http:\/\/www.giderlaw.com\/standart-ve-alternatif-uyusmazlik-cozumleri\/"},"modified":"2022-06-07T15:03:48","modified_gmt":"2022-06-07T12:03:48","slug":"standart-ve-alternatif-uyusmazlik-cozumleri","status":"publish","type":"page","link":"https:\/\/www.giderlaw.com\/tr\/standart-ve-alternatif-uyusmazlik-cozumleri\/","title":{"rendered":"Standart ve Alternatif Uyu\u015fmazl\u0131k \u00c7\u00f6z\u00fcmleri"},"content":{"rendered":"\t\t<div data-elementor-type=\"wp-page\" data-elementor-id=\"9550\" class=\"elementor elementor-9550\">\n\t\t\t\t\t\t\t\t\t<section class=\"elementor-section elementor-top-section elementor-element elementor-element-9e954cb elementor-section-boxed elementor-section-height-default elementor-section-height-default\" data-id=\"9e954cb\" data-element_type=\"section\" data-settings=\"{&quot;background_background&quot;:&quot;classic&quot;}\">\n\t\t\t\t\t\t<div class=\"elementor-container elementor-column-gap-default\">\n\t\t\t\t\t<div class=\"elementor-column elementor-col-100 elementor-top-column elementor-element elementor-element-ea4cf23\" data-id=\"ea4cf23\" data-element_type=\"column\">\n\t\t\t<div class=\"elementor-widget-wrap elementor-element-populated\">\n\t\t\t\t\t\t\t\t<div class=\"elementor-element elementor-element-7d5b2e1 elementor-widget elementor-widget-image\" data-id=\"7d5b2e1\" data-element_type=\"widget\" data-widget_type=\"image.default\">\n\t\t\t\t<div class=\"elementor-widget-container\">\n\t\t\t\t\t\t\t\t\t\t\t\t\t\t\t<img width=\"1536\" height=\"400\" src=\"https:\/\/www.giderlaw.com\/wp-content\/uploads\/2022\/06\/Uluslararasi-Ticaret-giderlaw-1536x646-1.jpg\" class=\"attachment-full size-full\" alt=\"\" loading=\"lazy\" srcset=\"https:\/\/www.giderlaw.com\/wp-content\/uploads\/2022\/06\/Uluslararasi-Ticaret-giderlaw-1536x646-1.jpg 1536w, https:\/\/www.giderlaw.com\/wp-content\/uploads\/2022\/06\/Uluslararasi-Ticaret-giderlaw-1536x646-1-300x78.jpg 300w, https:\/\/www.giderlaw.com\/wp-content\/uploads\/2022\/06\/Uluslararasi-Ticaret-giderlaw-1536x646-1-1024x267.jpg 1024w, https:\/\/www.giderlaw.com\/wp-content\/uploads\/2022\/06\/Uluslararasi-Ticaret-giderlaw-1536x646-1-768x200.jpg 768w\" sizes=\"(max-width: 1536px) 100vw, 1536px\" \/>\t\t\t\t\t\t\t\t\t\t\t\t\t\t\t<\/div>\n\t\t\t\t<\/div>\n\t\t\t\t<div class=\"elementor-element elementor-element-9842781 elementor-widget elementor-widget-heading\" data-id=\"9842781\" data-element_type=\"widget\" data-widget_type=\"heading.default\">\n\t\t\t\t<div class=\"elementor-widget-container\">\n\t\t\t<h1 class=\"elementor-heading-title elementor-size-default\">Standart ve Alternatif Uyu\u015fmazl\u0131k \u00c7\u00f6z\u00fcmleri <\/h1>\t\t<\/div>\n\t\t\t\t<\/div>\n\t\t\t\t<div class=\"elementor-element elementor-element-633b870 elementor-widget elementor-widget-text-editor\" data-id=\"633b870\" data-element_type=\"widget\" data-widget_type=\"text-editor.default\">\n\t\t\t\t<div class=\"elementor-widget-container\">\n\t\t\t\t\t\t\t<p><span style=\"font-weight: 400;\">Gider Law Office olarak her t\u00fcrl\u00fc ticari alanda davalar\u0131n\u0131n takibi, tahkim ve arabuluculuk hizmeti vermekteyiz. Gider Law Office b\u00fcnyesinde uyu\u015fmazl\u0131klar yaln\u0131zca dava \u00f6zelinde de\u011ferlendirilmez. M\u00fcvekkiller taraf\u0131ndan \u00e7\u00f6z\u00fcm\u00fcnde destek talep edilen uyu\u015fmazl\u0131klar i\u00e7in bir risk planlamas\u0131 yap\u0131ld\u0131ktan sonra do\u011fru bir stratejinin olu\u015fturulmas\u0131 temel ilkemizdir. M\u00fcvekkiller \u00f6zelinde olu\u015fturulan terzi dikimi stratejiler kapsam\u0131nda uyu\u015fmazl\u0131klar\u0131n M\u00fcvekkilin \u00e7\u0131karlar\u0131na en uygun bi\u00e7imde ve d\u00fc\u015f\u00fck maliyetle sonu\u00e7land\u0131rmak i\u00e7in gerekli hukuki hizmeti sunmaktay\u0131z. Hukuki hizmeti sunarken \u00f6zellikle m\u00fczakere ve tahkim teknikleri bak\u0131m\u0131nda olduk\u00e7a tecr\u00fcbeli dan\u0131\u015fman kadromuzla M\u00fcvekkillerimiz i\u00e7in en uygun hukuki \u00e7\u00f6z\u00fcm\u00fc sunmaktay\u0131z.<\/span><\/p><p><span style=\"font-weight: 400;\">Gider Law Office, uyu\u015fmazl\u0131klar\u0131n \u00e7\u00f6z\u00fcm a\u015famas\u0131nda sorunun tespitinden, m\u00fczakerelere; arabuluculuk a\u015famas\u0131ndan devlet veya tahkim yarg\u0131lamas\u0131na ve nihai olarak karar\u0131n icra edilmesine kadar geni\u015f bir alanda titizlikle hareket etmektedir.\u00a0<\/span><\/p>\t\t\t\t\t\t<\/div>\n\t\t\t\t<\/div>\n\t\t\t\t\t<\/div>\n\t\t<\/div>\n\t\t\t\t\t\t\t<\/div>\n\t\t<\/section>\n\t\t\t\t<section class=\"elementor-section elementor-top-section elementor-element elementor-element-cc74e94 elementor-section-boxed elementor-section-height-default elementor-section-height-default\" data-id=\"cc74e94\" data-element_type=\"section\">\n\t\t\t\t\t\t<div class=\"elementor-container elementor-column-gap-default\">\n\t\t\t\t\t<div class=\"elementor-column elementor-col-33 elementor-top-column elementor-element elementor-element-5a50813\" data-id=\"5a50813\" data-element_type=\"column\">\n\t\t\t<div class=\"elementor-widget-wrap\">\n\t\t\t\t\t\t\t\t\t<\/div>\n\t\t<\/div>\n\t\t\t\t<div class=\"elementor-column elementor-col-33 elementor-top-column elementor-element elementor-element-2044ff6\" data-id=\"2044ff6\" data-element_type=\"column\">\n\t\t\t<div class=\"elementor-widget-wrap elementor-element-populated\">\n\t\t\t\t\t\t\t\t<div class=\"elementor-element elementor-element-b1548d9 elementor-widget elementor-widget-heading\" data-id=\"b1548d9\" data-element_type=\"widget\" data-widget_type=\"heading.default\">\n\t\t\t\t<div class=\"elementor-widget-container\">\n\t\t\t<h3 class=\"elementor-heading-title elementor-size-default\">Daha Fazla Bilgi<\/h3>\t\t<\/div>\n\t\t\t\t<\/div>\n\t\t\t\t<div class=\"elementor-element elementor-element-ce80aeb elementor-widget elementor-widget-shortcode\" data-id=\"ce80aeb\" data-element_type=\"widget\" data-widget_type=\"shortcode.default\">\n\t\t\t\t<div class=\"elementor-widget-container\">\n\t\t\t\t\t<div class=\"elementor-shortcode\"><div role=\"form\" class=\"wpcf7\" id=\"wpcf7-f9523-o1\" lang=\"en-US\" dir=\"ltr\">\n<div class=\"screen-reader-response\"><p role=\"status\" aria-live=\"polite\" aria-atomic=\"true\"><\/p> <ul><\/ul><\/div>\n<form action=\"\/tr\/wp-json\/wp\/v2\/pages\/9550#wpcf7-f9523-o1\" method=\"post\" class=\"wpcf7-form init\" novalidate=\"novalidate\" data-status=\"init\">\n<div style=\"display: none;\">\n<input type=\"hidden\" name=\"_wpcf7\" value=\"9523\" \/>\n<input type=\"hidden\" name=\"_wpcf7_version\" value=\"5.5.6.1\" \/>\n<input type=\"hidden\" name=\"_wpcf7_locale\" value=\"en_US\" \/>\n<input type=\"hidden\" name=\"_wpcf7_unit_tag\" value=\"wpcf7-f9523-o1\" \/>\n<input type=\"hidden\" name=\"_wpcf7_container_post\" value=\"0\" \/>\n<input type=\"hidden\" name=\"_wpcf7_posted_data_hash\" value=\"\" \/>\n<\/div>\n<div id=\"contact-form\" class=\"contact-box3 contact-form-box\">\n  <div class=\"row gutters-20\">\n    <div class=\"col-md-6 form-group\">\n        <span class=\"wpcf7-form-control-wrap f-name\"><input type=\"text\" name=\"f-name\" value=\"\" size=\"40\" class=\"wpcf7-form-control wpcf7-text wpcf7-validates-as-required form-control\" aria-required=\"true\" aria-invalid=\"false\" placeholder=\"Ad Soyad\" \/><\/span>\n\t<div class=\"help-block with-errors\"><\/div>\n    <\/div>\n    <div class=\"col-md-6 form-group\">\n       <span class=\"wpcf7-form-control-wrap email\"><input type=\"email\" name=\"email\" value=\"\" size=\"40\" class=\"wpcf7-form-control wpcf7-text wpcf7-email wpcf7-validates-as-required wpcf7-validates-as-email form-control\" aria-required=\"true\" aria-invalid=\"false\" placeholder=\"E-Posta\" \/><\/span>\n\t<div class=\"help-block with-errors\"><\/div>\n    <\/div>\n    <div class=\"col-12 form-group\">\n        <span class=\"wpcf7-form-control-wrap subject\"><input type=\"text\" name=\"subject\" value=\"\" size=\"40\" class=\"wpcf7-form-control wpcf7-text wpcf7-validates-as-required form-control\" aria-required=\"true\" aria-invalid=\"false\" placeholder=\"Konu\" \/><\/span>\n\t<div class=\"help-block with-errors\"><\/div>\n    <\/div>\n    <div class=\"col-12 form-group\">\n        <span class=\"wpcf7-form-control-wrap message\"><textarea name=\"message\" cols=\"20\" rows=\"5\" class=\"wpcf7-form-control wpcf7-textarea wpcf7-validates-as-required textarea form-control\" aria-required=\"true\" aria-invalid=\"false\" placeholder=\"Mesaj\u0131n\u0131z\"><\/textarea><\/span>\n        <div class=\"help-block with-errors\"><\/div>\n     <\/div>\n     <div class=\"col-12 form-group text-center\">\n\t<button type=\"submit\" class=\"btn-fill\">G\u00f6nder<\/button>\n       <\/div>\n      <div class=\"form-response\"><\/div>\n    <\/div>\n<\/div><div class=\"wpcf7-response-output\" aria-hidden=\"true\"><\/div><\/form><\/div><\/div>\n\t\t\t\t<\/div>\n\t\t\t\t<\/div>\n\t\t\t\t\t<\/div>\n\t\t<\/div>\n\t\t\t\t<div class=\"elementor-column elementor-col-33 elementor-top-column elementor-element elementor-element-f8d9ef0\" data-id=\"f8d9ef0\" data-element_type=\"column\">\n\t\t\t<div class=\"elementor-widget-wrap\">\n\t\t\t\t\t\t\t\t\t<\/div>\n\t\t<\/div>\n\t\t\t\t\t\t\t<\/div>\n\t\t<\/section>\n\t\t\t\t\t\t\t<\/div>\n\t\t","protected":false},"excerpt":{"rendered":"<p>Standart ve Alternatif Uyu\u015fmazl\u0131k \u00c7\u00f6z\u00fcmleri Gider Law Office olarak her t\u00fcrl\u00fc ticari alanda davalar\u0131n\u0131n takibi, tahkim ve arabuluculuk hizmeti vermekteyiz. Gider Law Office b\u00fcnyesinde uyu\u015fmazl\u0131klar yaln\u0131zca dava \u00f6zelinde de\u011ferlendirilmez. M\u00fcvekkiller taraf\u0131ndan \u00e7\u00f6z\u00fcm\u00fcnde destek talep edilen uyu\u015fmazl\u0131klar i\u00e7in bir risk planlamas\u0131 yap\u0131ld\u0131ktan sonra do\u011fru bir stratejinin olu\u015fturulmas\u0131 temel ilkemizdir. M\u00fcvekkiller \u00f6zelinde olu\u015fturulan terzi dikimi stratejiler kapsam\u0131nda&#8230;<\/p>\n","protected":false},"author":1,"featured_media":0,"parent":0,"menu_order":0,"comment_status":"closed","ping_status":"closed","template":"elementor_header_footer","meta":[],"_links":{"self":[{"href":"https:\/\/www.giderlaw.com\/tr\/wp-json\/wp\/v2\/pages\/9550"}],"collection":[{"href":"https:\/\/www.giderlaw.com\/tr\/wp-json\/wp\/v2\/pages"}],"about":[{"href":"https:\/\/www.giderlaw.com\/tr\/wp-json\/wp\/v2\/types\/page"}],"author":[{"embeddable":true,"href":"https:\/\/www.giderlaw.com\/tr\/wp-json\/wp\/v2\/users\/1"}],"replies":[{"embeddable":true,"href":"https:\/\/www.giderlaw.com\/tr\/wp-json\/wp\/v2\/comments?post=9550"}],"version-history":[{"count":6,"href":"https:\/\/www.giderlaw.com\/tr\/wp-json\/wp\/v2\/pages\/9550\/revisions"}],"predecessor-version":[{"id":10033,"href":"https:\/\/www.giderlaw.com\/tr\/wp-json\/wp\/v2\/pages\/9550\/revisions\/10033"}],"wp:attachment":[{"href":"https:\/\/www.giderlaw.com\/tr\/wp-json\/wp\/v2\/media?parent=9550"}],"curies":[{"name":"wp","href":"https:\/\/api.w.org\/{rel}","templated":true}]}}