{"id":9542,"date":"2022-05-17T09:46:05","date_gmt":"2022-05-17T06:46:05","guid":{"rendered":"http:\/\/www.giderlaw.com\/insaat-hukuku\/"},"modified":"2022-06-07T15:05:09","modified_gmt":"2022-06-07T12:05:09","slug":"insaat-ve-gayrimenkul-hukuku","status":"publish","type":"page","link":"https:\/\/www.giderlaw.com\/tr\/insaat-ve-gayrimenkul-hukuku\/","title":{"rendered":"\u0130n\u015faat ve Gayrimenkul Hukuku"},"content":{"rendered":"\t\t<div data-elementor-type=\"wp-page\" data-elementor-id=\"9542\" class=\"elementor elementor-9542\">\n\t\t\t\t\t\t\t\t\t<section class=\"elementor-section elementor-top-section elementor-element elementor-element-36d2bb4 elementor-section-boxed elementor-section-height-default elementor-section-height-default\" data-id=\"36d2bb4\" data-element_type=\"section\" data-settings=\"{&quot;background_background&quot;:&quot;classic&quot;}\">\n\t\t\t\t\t\t<div class=\"elementor-container elementor-column-gap-default\">\n\t\t\t\t\t<div class=\"elementor-column elementor-col-100 elementor-top-column elementor-element elementor-element-4e8c9bb\" data-id=\"4e8c9bb\" data-element_type=\"column\">\n\t\t\t<div class=\"elementor-widget-wrap elementor-element-populated\">\n\t\t\t\t\t\t\t\t<div class=\"elementor-element elementor-element-3c611e8 elementor-widget elementor-widget-image\" data-id=\"3c611e8\" data-element_type=\"widget\" data-widget_type=\"image.default\">\n\t\t\t\t<div class=\"elementor-widget-container\">\n\t\t\t\t\t\t\t\t\t\t\t\t\t\t\t<img width=\"1536\" height=\"400\" src=\"https:\/\/www.giderlaw.com\/wp-content\/uploads\/2022\/06\/Construction-Law-giderlaw-1536x646-1.jpg\" class=\"attachment-full size-full\" alt=\"\" loading=\"lazy\" srcset=\"https:\/\/www.giderlaw.com\/wp-content\/uploads\/2022\/06\/Construction-Law-giderlaw-1536x646-1.jpg 1536w, https:\/\/www.giderlaw.com\/wp-content\/uploads\/2022\/06\/Construction-Law-giderlaw-1536x646-1-300x78.jpg 300w, https:\/\/www.giderlaw.com\/wp-content\/uploads\/2022\/06\/Construction-Law-giderlaw-1536x646-1-1024x267.jpg 1024w, https:\/\/www.giderlaw.com\/wp-content\/uploads\/2022\/06\/Construction-Law-giderlaw-1536x646-1-768x200.jpg 768w\" sizes=\"(max-width: 1536px) 100vw, 1536px\" \/>\t\t\t\t\t\t\t\t\t\t\t\t\t\t\t<\/div>\n\t\t\t\t<\/div>\n\t\t\t\t<div class=\"elementor-element elementor-element-9259bab elementor-widget elementor-widget-heading\" data-id=\"9259bab\" data-element_type=\"widget\" data-widget_type=\"heading.default\">\n\t\t\t\t<div class=\"elementor-widget-container\">\n\t\t\t<h1 class=\"elementor-heading-title elementor-size-default\">\u0130n\u015faat ve Gayrimenkul Hukuku<\/h1>\t\t<\/div>\n\t\t\t\t<\/div>\n\t\t\t\t<div class=\"elementor-element elementor-element-0fca705 elementor-widget elementor-widget-text-editor\" data-id=\"0fca705\" data-element_type=\"widget\" data-widget_type=\"text-editor.default\">\n\t\t\t\t<div class=\"elementor-widget-container\">\n\t\t\t\t\t\t\t<p><span style=\"font-weight: 400;\">Gider Law Office, M\u00fcvekkillerinin yurti\u00e7inde ve yurtd\u0131\u015f\u0131nda in\u015faat ve gayrimenkul sekt\u00f6rlerinde yapm\u0131\u015f olduklar\u0131 yat\u0131r\u0131mlarda ve kar\u015f\u0131la\u015ft\u0131klar\u0131 sorunlarda geni\u015f kapsaml\u0131 hukuki destek sunmaktad\u0131r. Gider Law Office, gayrimenkul al\u0131m-sat\u0131m i\u015flemleri, m\u00fclkiyet uyu\u015fmazl\u0131klar\u0131, tapu i\u015flemleri, klasik in\u015faat ve FIDIC s\u00f6zle\u015fmeleri, ta\u015feron s\u00f6zle\u015fmeleri, al\u0131\u015fveri\u015f ve i\u015f merkezlerinin y\u00f6netimi, kentsel d\u00f6n\u00fc\u015f\u00fcm s\u00fcrecinde gerekli t\u00fcm i\u015flemlerin yap\u0131lmas\u0131, planlama, proje geli\u015ftirme, kat kar\u015f\u0131l\u0131\u011f\u0131 in\u015faat ve gelir payla\u015f\u0131m\u0131 s\u00f6zle\u015fmeleri, gibi s\u00fcre\u00e7lerin takibi ve y\u00f6netilmesinde hukuki hizmetler sunmaktad\u0131r.<\/span><\/p><p><span style=\"font-weight: 400;\">Gider Law Office \u00f6zellikle yabanc\u0131 ki\u015filerin T\u00fcrkiye i\u00e7erisinde ta\u015f\u0131nmaz mal edinimleri konusunda olduk\u00e7a uzman kadroya ve derin bir bilgi birikimine sahiptir. Gider Law Office, M\u00fcvekkillerine ta\u015f\u0131nmaz\u0131n bulunmas\u0131ndan, ekspertiz s\u00fcresinin veya due diligence s\u00fcresinin yap\u0131lmas\u0131na; ta\u015f\u0131nmaz\u0131n tapusunun al\u0131nmas\u0131ndan varsa ta\u015f\u0131nmazdaki eksiklerin giderilmesinin istenmesine de\u011fin \u00e7ok geni\u015f bir anlamda hukuki dan\u0131\u015fmanl\u0131k hizmeti sunmaktad\u0131r. Gider Law Office, M\u00fcvekkillerinin in\u015faat ve gayrimenkul hukuku kapsam\u0131nda ihtiya\u00e7 duydu\u011fu her alanda temsil, m\u00fczakere, s\u00f6zle\u015fmelerin haz\u0131rlanmas\u0131 ve i\u015flerin takibi hizmetini b\u00fcy\u00fck bir titizlikle sunmaktad\u0131r.<\/span><\/p>\t\t\t\t\t\t<\/div>\n\t\t\t\t<\/div>\n\t\t\t\t\t<\/div>\n\t\t<\/div>\n\t\t\t\t\t\t\t<\/div>\n\t\t<\/section>\n\t\t\t\t<section class=\"elementor-section elementor-top-section elementor-element elementor-element-fa2f04f elementor-section-boxed elementor-section-height-default elementor-section-height-default\" data-id=\"fa2f04f\" data-element_type=\"section\">\n\t\t\t\t\t\t<div class=\"elementor-container elementor-column-gap-default\">\n\t\t\t\t\t<div class=\"elementor-column elementor-col-33 elementor-top-column elementor-element elementor-element-6445678\" data-id=\"6445678\" data-element_type=\"column\">\n\t\t\t<div class=\"elementor-widget-wrap\">\n\t\t\t\t\t\t\t\t\t<\/div>\n\t\t<\/div>\n\t\t\t\t<div class=\"elementor-column elementor-col-33 elementor-top-column elementor-element elementor-element-c70149b\" data-id=\"c70149b\" data-element_type=\"column\">\n\t\t\t<div class=\"elementor-widget-wrap elementor-element-populated\">\n\t\t\t\t\t\t\t\t<div class=\"elementor-element elementor-element-4a045ab elementor-widget elementor-widget-heading\" data-id=\"4a045ab\" data-element_type=\"widget\" data-widget_type=\"heading.default\">\n\t\t\t\t<div class=\"elementor-widget-container\">\n\t\t\t<h3 class=\"elementor-heading-title elementor-size-default\">Daha Fazla Bilgi<\/h3>\t\t<\/div>\n\t\t\t\t<\/div>\n\t\t\t\t<div class=\"elementor-element elementor-element-6b12695 elementor-widget elementor-widget-shortcode\" data-id=\"6b12695\" data-element_type=\"widget\" data-widget_type=\"shortcode.default\">\n\t\t\t\t<div class=\"elementor-widget-container\">\n\t\t\t\t\t<div class=\"elementor-shortcode\"><div role=\"form\" class=\"wpcf7\" id=\"wpcf7-f9523-o1\" lang=\"en-US\" dir=\"ltr\">\n<div class=\"screen-reader-response\"><p role=\"status\" aria-live=\"polite\" aria-atomic=\"true\"><\/p> <ul><\/ul><\/div>\n<form action=\"\/tr\/wp-json\/wp\/v2\/pages\/9542#wpcf7-f9523-o1\" method=\"post\" class=\"wpcf7-form init\" novalidate=\"novalidate\" data-status=\"init\">\n<div style=\"display: none;\">\n<input type=\"hidden\" name=\"_wpcf7\" value=\"9523\" \/>\n<input type=\"hidden\" name=\"_wpcf7_version\" value=\"5.5.6.1\" \/>\n<input type=\"hidden\" name=\"_wpcf7_locale\" value=\"en_US\" \/>\n<input type=\"hidden\" name=\"_wpcf7_unit_tag\" value=\"wpcf7-f9523-o1\" \/>\n<input type=\"hidden\" name=\"_wpcf7_container_post\" value=\"0\" \/>\n<input type=\"hidden\" name=\"_wpcf7_posted_data_hash\" value=\"\" \/>\n<\/div>\n<div id=\"contact-form\" class=\"contact-box3 contact-form-box\">\n  <div class=\"row gutters-20\">\n    <div class=\"col-md-6 form-group\">\n        <span class=\"wpcf7-form-control-wrap f-name\"><input type=\"text\" name=\"f-name\" value=\"\" size=\"40\" class=\"wpcf7-form-control wpcf7-text wpcf7-validates-as-required form-control\" aria-required=\"true\" aria-invalid=\"false\" placeholder=\"Ad Soyad\" \/><\/span>\n\t<div class=\"help-block with-errors\"><\/div>\n    <\/div>\n    <div class=\"col-md-6 form-group\">\n       <span class=\"wpcf7-form-control-wrap email\"><input type=\"email\" name=\"email\" value=\"\" size=\"40\" class=\"wpcf7-form-control wpcf7-text wpcf7-email wpcf7-validates-as-required wpcf7-validates-as-email form-control\" aria-required=\"true\" aria-invalid=\"false\" placeholder=\"E-Posta\" \/><\/span>\n\t<div class=\"help-block with-errors\"><\/div>\n    <\/div>\n    <div class=\"col-12 form-group\">\n        <span class=\"wpcf7-form-control-wrap subject\"><input type=\"text\" name=\"subject\" value=\"\" size=\"40\" class=\"wpcf7-form-control wpcf7-text wpcf7-validates-as-required form-control\" aria-required=\"true\" aria-invalid=\"false\" placeholder=\"Konu\" \/><\/span>\n\t<div class=\"help-block with-errors\"><\/div>\n    <\/div>\n    <div class=\"col-12 form-group\">\n        <span class=\"wpcf7-form-control-wrap message\"><textarea name=\"message\" cols=\"20\" rows=\"5\" class=\"wpcf7-form-control wpcf7-textarea wpcf7-validates-as-required textarea form-control\" aria-required=\"true\" aria-invalid=\"false\" placeholder=\"Mesaj\u0131n\u0131z\"><\/textarea><\/span>\n        <div class=\"help-block with-errors\"><\/div>\n     <\/div>\n     <div class=\"col-12 form-group text-center\">\n\t<button type=\"submit\" class=\"btn-fill\">G\u00f6nder<\/button>\n       <\/div>\n      <div class=\"form-response\"><\/div>\n    <\/div>\n<\/div><div class=\"wpcf7-response-output\" aria-hidden=\"true\"><\/div><\/form><\/div>\n<\/div>\n\t\t\t\t<\/div>\n\t\t\t\t<\/div>\n\t\t\t\t\t<\/div>\n\t\t<\/div>\n\t\t\t\t<div class=\"elementor-column elementor-col-33 elementor-top-column elementor-element elementor-element-f576c1c\" data-id=\"f576c1c\" data-element_type=\"column\">\n\t\t\t<div class=\"elementor-widget-wrap\">\n\t\t\t\t\t\t\t\t\t<\/div>\n\t\t<\/div>\n\t\t\t\t\t\t\t<\/div>\n\t\t<\/section>\n\t\t\t\t\t\t\t<\/div>\n\t\t","protected":false},"excerpt":{"rendered":"<p>\u0130n\u015faat ve Gayrimenkul Hukuku Gider Law Office, M\u00fcvekkillerinin yurti\u00e7inde ve yurtd\u0131\u015f\u0131nda in\u015faat ve gayrimenkul sekt\u00f6rlerinde yapm\u0131\u015f olduklar\u0131 yat\u0131r\u0131mlarda ve kar\u015f\u0131la\u015ft\u0131klar\u0131 sorunlarda geni\u015f kapsaml\u0131 hukuki destek sunmaktad\u0131r. Gider Law Office, gayrimenkul al\u0131m-sat\u0131m i\u015flemleri, m\u00fclkiyet uyu\u015fmazl\u0131klar\u0131, tapu i\u015flemleri, klasik in\u015faat ve FIDIC s\u00f6zle\u015fmeleri, ta\u015feron s\u00f6zle\u015fmeleri, al\u0131\u015fveri\u015f ve i\u015f merkezlerinin y\u00f6netimi, kentsel d\u00f6n\u00fc\u015f\u00fcm s\u00fcrecinde gerekli t\u00fcm i\u015flemlerin yap\u0131lmas\u0131,&#8230;<\/p>\n","protected":false},"author":1,"featured_media":0,"parent":0,"menu_order":0,"comment_status":"closed","ping_status":"closed","template":"elementor_header_footer","meta":[],"_links":{"self":[{"href":"https:\/\/www.giderlaw.com\/tr\/wp-json\/wp\/v2\/pages\/9542"}],"collection":[{"href":"https:\/\/www.giderlaw.com\/tr\/wp-json\/wp\/v2\/pages"}],"about":[{"href":"https:\/\/www.giderlaw.com\/tr\/wp-json\/wp\/v2\/types\/page"}],"author":[{"embeddable":true,"href":"https:\/\/www.giderlaw.com\/tr\/wp-json\/wp\/v2\/users\/1"}],"replies":[{"embeddable":true,"href":"https:\/\/www.giderlaw.com\/tr\/wp-json\/wp\/v2\/comments?post=9542"}],"version-history":[{"count":11,"href":"https:\/\/www.giderlaw.com\/tr\/wp-json\/wp\/v2\/pages\/9542\/revisions"}],"predecessor-version":[{"id":10036,"href":"https:\/\/www.giderlaw.com\/tr\/wp-json\/wp\/v2\/pages\/9542\/revisions\/10036"}],"wp:attachment":[{"href":"https:\/\/www.giderlaw.com\/tr\/wp-json\/wp\/v2\/media?parent=9542"}],"curies":[{"name":"wp","href":"https:\/\/api.w.org\/{rel}","templated":true}]}}