{"id":9520,"date":"2022-05-17T09:27:03","date_gmt":"2022-05-17T06:27:03","guid":{"rendered":"http:\/\/www.giderlaw.com\/distribution-and-franchising-law\/"},"modified":"2022-06-07T15:06:40","modified_gmt":"2022-06-07T12:06:40","slug":"uluslararasi-distributorluk-ve-franchising-hukuku","status":"publish","type":"page","link":"https:\/\/www.giderlaw.com\/tr\/uluslararasi-distributorluk-ve-franchising-hukuku\/","title":{"rendered":"Uluslararas\u0131 Distrib\u00fct\u00f6rl\u00fck ve Franchising Hukuku"},"content":{"rendered":"\t\t<div data-elementor-type=\"wp-page\" data-elementor-id=\"9520\" class=\"elementor elementor-9520\">\n\t\t\t\t\t\t\t\t\t<section class=\"elementor-section elementor-top-section elementor-element elementor-element-44cd52f elementor-section-boxed elementor-section-height-default elementor-section-height-default\" data-id=\"44cd52f\" data-element_type=\"section\" data-settings=\"{&quot;background_background&quot;:&quot;classic&quot;}\">\n\t\t\t\t\t\t<div class=\"elementor-container elementor-column-gap-default\">\n\t\t\t\t\t<div class=\"elementor-column elementor-col-100 elementor-top-column elementor-element elementor-element-206ca93\" data-id=\"206ca93\" data-element_type=\"column\">\n\t\t\t<div class=\"elementor-widget-wrap elementor-element-populated\">\n\t\t\t\t\t\t\t\t<div class=\"elementor-element elementor-element-7eb41e3 elementor-widget elementor-widget-image\" data-id=\"7eb41e3\" data-element_type=\"widget\" data-widget_type=\"image.default\">\n\t\t\t\t<div class=\"elementor-widget-container\">\n\t\t\t\t\t\t\t\t\t\t\t\t\t\t\t<img width=\"1536\" height=\"400\" src=\"https:\/\/www.giderlaw.com\/wp-content\/uploads\/2022\/06\/Distribution-And-Franchising-Law-giderlaw-1536x646-1.jpg\" class=\"attachment-full size-full\" alt=\"\" loading=\"lazy\" srcset=\"https:\/\/www.giderlaw.com\/wp-content\/uploads\/2022\/06\/Distribution-And-Franchising-Law-giderlaw-1536x646-1.jpg 1536w, https:\/\/www.giderlaw.com\/wp-content\/uploads\/2022\/06\/Distribution-And-Franchising-Law-giderlaw-1536x646-1-300x78.jpg 300w, https:\/\/www.giderlaw.com\/wp-content\/uploads\/2022\/06\/Distribution-And-Franchising-Law-giderlaw-1536x646-1-1024x267.jpg 1024w, https:\/\/www.giderlaw.com\/wp-content\/uploads\/2022\/06\/Distribution-And-Franchising-Law-giderlaw-1536x646-1-768x200.jpg 768w\" sizes=\"(max-width: 1536px) 100vw, 1536px\" \/>\t\t\t\t\t\t\t\t\t\t\t\t\t\t\t<\/div>\n\t\t\t\t<\/div>\n\t\t\t\t<div class=\"elementor-element elementor-element-5c1ddc0 elementor-widget elementor-widget-heading\" data-id=\"5c1ddc0\" data-element_type=\"widget\" data-widget_type=\"heading.default\">\n\t\t\t\t<div class=\"elementor-widget-container\">\n\t\t\t<h1 class=\"elementor-heading-title elementor-size-default\"> Uluslararas\u0131 Distrib\u00fct\u00f6rl\u00fck ve Franchising Hukuku<\/h1>\t\t<\/div>\n\t\t\t\t<\/div>\n\t\t\t\t<div class=\"elementor-element elementor-element-fb2ee7b elementor-widget elementor-widget-text-editor\" data-id=\"fb2ee7b\" data-element_type=\"widget\" data-widget_type=\"text-editor.default\">\n\t\t\t\t<div class=\"elementor-widget-container\">\n\t\t\t\t\t\t\t<p><span style=\"font-weight: 400;\">Gider Law Office, Uluslararas\u0131 Distrib\u00fct\u00f6rl\u00fck ve Franchising ili\u015fkileri konusunda m\u00fcvekkillerine geni\u015f bir perspektifle destek vermektedir. Marka, \u00fcr\u00fcn ya da hizmetlerini geli\u015fmi\u015f bir da\u011f\u0131t\u0131m a\u011f\u0131 ile b\u00f6lgelere yaymak ve de\u011ferlerini y\u00fckseltmek isteyen m\u00fcvekkillerimizin yan\u0131 s\u0131ra, yerli ya da yabanc\u0131 \u00fcr\u00fcn, hizmet ya da markalar\u0131n g\u00fcc\u00fcnden veya i\u015f hacminden distrib\u00fct\u00f6rl\u00fck veya franchise anla\u015fmalar\u0131 kapsam\u0131nda yararlanmak isteyen i\u015fletmelere de hukuki dan\u0131\u015fmanl\u0131k hizmeti sunabilmekteyiz.<\/span><\/p><p><span style=\"font-weight: 400;\">Gider Law Office olarak bug\u00fcne kadar ba\u015fta medikal ve g\u0131da sekt\u00f6r\u00fc olmak \u00fczere bir\u00e7ok sekt\u00f6rde distrib\u00fct\u00f6rl\u00fck ve franchising alanlar\u0131nda yerli- yabanc\u0131 m\u00fcvekkillerimize \u00fcst d\u00fczeyde hukuki dan\u0131\u015fmanl\u0131k hizmeti sunmaktay\u0131z. Hem m\u00fcnhas\u0131r hem de m\u00fcnhas\u0131r olmayan s\u00f6zle\u015fmeler konusunda en do\u011fru ve g\u00fcvenilir \u00e7\u00f6z\u00fcmleri sunmaktay\u0131z. S\u00f6z konusu hizmetlerimiz yaln\u0131zca distrib\u00fct\u00f6rl\u00fck veya franchising ili\u015fkilerinin kurulmas\u0131 a\u015famas\u0131nda de\u011fil; s\u00f6zle\u015fme g\u00f6r\u00fc\u015fmelerine ba\u015flan\u0131lmas\u0131ndan s\u00f6zle\u015fmenin devam\u0131 ve sonlanmas\u0131nda da devam etmektedir.<\/span><\/p>\t\t\t\t\t\t<\/div>\n\t\t\t\t<\/div>\n\t\t\t\t\t<\/div>\n\t\t<\/div>\n\t\t\t\t\t\t\t<\/div>\n\t\t<\/section>\n\t\t\t\t<section class=\"elementor-section elementor-top-section elementor-element elementor-element-b56bf7f elementor-section-boxed elementor-section-height-default elementor-section-height-default\" data-id=\"b56bf7f\" data-element_type=\"section\">\n\t\t\t\t\t\t<div class=\"elementor-container elementor-column-gap-default\">\n\t\t\t\t\t<div class=\"elementor-column elementor-col-33 elementor-top-column elementor-element elementor-element-28883c5\" data-id=\"28883c5\" data-element_type=\"column\">\n\t\t\t<div class=\"elementor-widget-wrap\">\n\t\t\t\t\t\t\t\t\t<\/div>\n\t\t<\/div>\n\t\t\t\t<div class=\"elementor-column elementor-col-33 elementor-top-column elementor-element elementor-element-05e2e93\" data-id=\"05e2e93\" data-element_type=\"column\">\n\t\t\t<div class=\"elementor-widget-wrap elementor-element-populated\">\n\t\t\t\t\t\t\t\t<div class=\"elementor-element elementor-element-14950c7 elementor-widget elementor-widget-heading\" data-id=\"14950c7\" data-element_type=\"widget\" data-widget_type=\"heading.default\">\n\t\t\t\t<div class=\"elementor-widget-container\">\n\t\t\t<h3 class=\"elementor-heading-title elementor-size-default\">Daha Fazla Bilgi<\/h3>\t\t<\/div>\n\t\t\t\t<\/div>\n\t\t\t\t<div class=\"elementor-element elementor-element-6e82d0f elementor-widget elementor-widget-shortcode\" data-id=\"6e82d0f\" data-element_type=\"widget\" data-widget_type=\"shortcode.default\">\n\t\t\t\t<div class=\"elementor-widget-container\">\n\t\t\t\t\t<div class=\"elementor-shortcode\"><div role=\"form\" class=\"wpcf7\" id=\"wpcf7-f9523-o1\" lang=\"en-US\" dir=\"ltr\">\n<div class=\"screen-reader-response\"><p role=\"status\" aria-live=\"polite\" aria-atomic=\"true\"><\/p> <ul><\/ul><\/div>\n<form action=\"\/tr\/wp-json\/wp\/v2\/pages\/9520#wpcf7-f9523-o1\" method=\"post\" class=\"wpcf7-form init\" novalidate=\"novalidate\" data-status=\"init\">\n<div style=\"display: none;\">\n<input type=\"hidden\" name=\"_wpcf7\" value=\"9523\" \/>\n<input type=\"hidden\" name=\"_wpcf7_version\" value=\"5.5.6.1\" \/>\n<input type=\"hidden\" name=\"_wpcf7_locale\" value=\"en_US\" \/>\n<input type=\"hidden\" name=\"_wpcf7_unit_tag\" value=\"wpcf7-f9523-o1\" \/>\n<input type=\"hidden\" name=\"_wpcf7_container_post\" value=\"0\" \/>\n<input type=\"hidden\" name=\"_wpcf7_posted_data_hash\" value=\"\" \/>\n<\/div>\n<div id=\"contact-form\" class=\"contact-box3 contact-form-box\">\n  <div class=\"row gutters-20\">\n    <div class=\"col-md-6 form-group\">\n        <span class=\"wpcf7-form-control-wrap f-name\"><input type=\"text\" name=\"f-name\" value=\"\" size=\"40\" class=\"wpcf7-form-control wpcf7-text wpcf7-validates-as-required form-control\" aria-required=\"true\" aria-invalid=\"false\" placeholder=\"Ad Soyad\" \/><\/span>\n\t<div class=\"help-block with-errors\"><\/div>\n    <\/div>\n    <div class=\"col-md-6 form-group\">\n       <span class=\"wpcf7-form-control-wrap email\"><input type=\"email\" name=\"email\" value=\"\" size=\"40\" class=\"wpcf7-form-control wpcf7-text wpcf7-email wpcf7-validates-as-required wpcf7-validates-as-email form-control\" aria-required=\"true\" aria-invalid=\"false\" placeholder=\"E-Posta\" \/><\/span>\n\t<div class=\"help-block with-errors\"><\/div>\n    <\/div>\n    <div class=\"col-12 form-group\">\n        <span class=\"wpcf7-form-control-wrap subject\"><input type=\"text\" name=\"subject\" value=\"\" size=\"40\" class=\"wpcf7-form-control wpcf7-text wpcf7-validates-as-required form-control\" aria-required=\"true\" aria-invalid=\"false\" placeholder=\"Konu\" \/><\/span>\n\t<div class=\"help-block with-errors\"><\/div>\n    <\/div>\n    <div class=\"col-12 form-group\">\n        <span class=\"wpcf7-form-control-wrap message\"><textarea name=\"message\" cols=\"20\" rows=\"5\" class=\"wpcf7-form-control wpcf7-textarea wpcf7-validates-as-required textarea form-control\" aria-required=\"true\" aria-invalid=\"false\" placeholder=\"Mesaj\u0131n\u0131z\"><\/textarea><\/span>\n        <div class=\"help-block with-errors\"><\/div>\n     <\/div>\n     <div class=\"col-12 form-group text-center\">\n\t<button type=\"submit\" class=\"btn-fill\">G\u00f6nder<\/button>\n       <\/div>\n      <div class=\"form-response\"><\/div>\n    <\/div>\n<\/div><div class=\"wpcf7-response-output\" aria-hidden=\"true\"><\/div><\/form><\/div><\/div>\n\t\t\t\t<\/div>\n\t\t\t\t<\/div>\n\t\t\t\t\t<\/div>\n\t\t<\/div>\n\t\t\t\t<div class=\"elementor-column elementor-col-33 elementor-top-column elementor-element elementor-element-67cf2e3\" data-id=\"67cf2e3\" data-element_type=\"column\">\n\t\t\t<div class=\"elementor-widget-wrap\">\n\t\t\t\t\t\t\t\t\t<\/div>\n\t\t<\/div>\n\t\t\t\t\t\t\t<\/div>\n\t\t<\/section>\n\t\t\t\t\t\t\t<\/div>\n\t\t","protected":false},"excerpt":{"rendered":"<p>Uluslararas\u0131 Distrib\u00fct\u00f6rl\u00fck ve Franchising Hukuku Gider Law Office, Uluslararas\u0131 Distrib\u00fct\u00f6rl\u00fck ve Franchising ili\u015fkileri konusunda m\u00fcvekkillerine geni\u015f bir perspektifle destek vermektedir. Marka, \u00fcr\u00fcn ya da hizmetlerini geli\u015fmi\u015f bir da\u011f\u0131t\u0131m a\u011f\u0131 ile b\u00f6lgelere yaymak ve de\u011ferlerini y\u00fckseltmek isteyen m\u00fcvekkillerimizin yan\u0131 s\u0131ra, yerli ya da yabanc\u0131 \u00fcr\u00fcn, hizmet ya da markalar\u0131n g\u00fcc\u00fcnden veya i\u015f hacminden distrib\u00fct\u00f6rl\u00fck veya franchise&#8230;<\/p>\n","protected":false},"author":1,"featured_media":0,"parent":0,"menu_order":0,"comment_status":"closed","ping_status":"closed","template":"elementor_header_footer","meta":[],"_links":{"self":[{"href":"https:\/\/www.giderlaw.com\/tr\/wp-json\/wp\/v2\/pages\/9520"}],"collection":[{"href":"https:\/\/www.giderlaw.com\/tr\/wp-json\/wp\/v2\/pages"}],"about":[{"href":"https:\/\/www.giderlaw.com\/tr\/wp-json\/wp\/v2\/types\/page"}],"author":[{"embeddable":true,"href":"https:\/\/www.giderlaw.com\/tr\/wp-json\/wp\/v2\/users\/1"}],"replies":[{"embeddable":true,"href":"https:\/\/www.giderlaw.com\/tr\/wp-json\/wp\/v2\/comments?post=9520"}],"version-history":[{"count":9,"href":"https:\/\/www.giderlaw.com\/tr\/wp-json\/wp\/v2\/pages\/9520\/revisions"}],"predecessor-version":[{"id":10042,"href":"https:\/\/www.giderlaw.com\/tr\/wp-json\/wp\/v2\/pages\/9520\/revisions\/10042"}],"wp:attachment":[{"href":"https:\/\/www.giderlaw.com\/tr\/wp-json\/wp\/v2\/media?parent=9520"}],"curies":[{"name":"wp","href":"https:\/\/api.w.org\/{rel}","templated":true}]}}