{"id":9519,"date":"2022-05-16T15:28:50","date_gmt":"2022-05-16T12:28:50","guid":{"rendered":"http:\/\/www.giderlaw.com\/hakkimizda\/"},"modified":"2022-06-07T14:53:59","modified_gmt":"2022-06-07T11:53:59","slug":"hakkimizda","status":"publish","type":"page","link":"https:\/\/www.giderlaw.com\/tr\/hakkimizda\/","title":{"rendered":"Hakk\u0131m\u0131zda"},"content":{"rendered":"\t\t<div data-elementor-type=\"wp-page\" data-elementor-id=\"9519\" class=\"elementor elementor-9519\">\n\t\t\t\t\t\t\t\t\t<section class=\"elementor-section elementor-top-section elementor-element elementor-element-968a0da elementor-section-boxed elementor-section-height-default elementor-section-height-default\" data-id=\"968a0da\" data-element_type=\"section\">\n\t\t\t\t\t\t<div class=\"elementor-container elementor-column-gap-default\">\n\t\t\t\t\t<div class=\"elementor-column elementor-col-100 elementor-top-column elementor-element elementor-element-da8e3a7\" data-id=\"da8e3a7\" data-element_type=\"column\">\n\t\t\t<div class=\"elementor-widget-wrap elementor-element-populated\">\n\t\t\t\t\t\t\t\t<section class=\"elementor-section elementor-inner-section elementor-element elementor-element-a1e9994 elementor-section-boxed elementor-section-height-default elementor-section-height-default\" data-id=\"a1e9994\" data-element_type=\"section\" data-settings=\"{&quot;background_background&quot;:&quot;classic&quot;}\">\n\t\t\t\t\t\t<div class=\"elementor-container elementor-column-gap-default\">\n\t\t\t\t\t<div class=\"elementor-column elementor-col-100 elementor-inner-column elementor-element elementor-element-94eb93d\" data-id=\"94eb93d\" data-element_type=\"column\">\n\t\t\t<div class=\"elementor-widget-wrap elementor-element-populated\">\n\t\t\t\t\t\t\t\t<div class=\"elementor-element elementor-element-ed77d52 elementor-widget elementor-widget-text-editor\" data-id=\"ed77d52\" data-element_type=\"widget\" data-widget_type=\"text-editor.default\">\n\t\t\t\t<div class=\"elementor-widget-container\">\n\t\t\t\t\t\t\t<p><span style=\"font-weight: 400;\">Gider Law Office, 2019 y\u0131l\u0131nda Av. Ahmet Atakan G\u0130DER taraf\u0131ndan \u0130stanbul \u2013 Sar\u0131yer merkezli olarak kurulmu\u015ftur. Gider Law Office, kurulu\u015fundan bug\u00fcne kadar dinamizm ve tecr\u00fcbeyi bir araya getirerek M\u00fcvekkillerine h\u0131zl\u0131, g\u00fcvenilir ve \u00e7a\u011fda\u015f bir hukuk deneyimi sunmaktad\u0131r. Gider Law Office i\u00e7in en temel ilkelerden biri M\u00fcvekkillerine her an ula\u015f\u0131labilir bir hizmet sunarak, M\u00fcvekkil \u2013 Avukat ili\u015fkisini zaman ve mek\u00e2n gibi klasik s\u0131n\u0131rlar\u0131n d\u0131\u015f\u0131na ta\u015f\u0131maktad\u0131r. Gider Law Office i\u00e7in di\u011fer bir temel ilke ise M\u00fcvekkillere hukuki deste\u011fin yan\u0131 s\u0131ra; geni\u015f anlamda bir dan\u0131\u015fmanl\u0131k hizmeti sunularak M\u00fcvekkillerin i\u015f geli\u015ftirmelerine de destek olmakt\u0131r. Gider Law Office gerek t\u00fczel gerekse de bireysel M\u00fcvekkillerini yaln\u0131zca bir dosyadan ibaret g\u00f6rmemekte ve M\u00fcvekkillerinin ihtiya\u00e7 duydu\u011fu \u00e7\u00f6z\u00fcmleri b\u00fct\u00fcn de\u011fi\u015fkenleri g\u00f6ze alarak haz\u0131rlad\u0131\u011f\u0131 yol haritalar\u0131yla ortaya \u00e7\u0131kartmaktad\u0131r.<\/span><\/p><p><span style=\"font-weight: 400;\">Gider Law Office, kurulu\u015fundan bu yana ba\u015fta T\u00fcrkiye, Amerika Birle\u015fik Devletleri, Azerbaycan, Suudi Arabistan, Katar, Kazakistan, Hollanda ve \u0130ran\u2019dan y\u00fcz\u00fcn \u00fczerinde farkl\u0131 M\u00fcvekkile hizmet vermi\u015f ve bu hizmetlerini hali haz\u0131rda s\u00fcrd\u00fcrmektedir. Gider Law Office\u2019in M\u00fcvekkillerine temel yakla\u015f\u0131m\u0131 yaln\u0131zca i\u015f \u00fczerinde kurulan bir ili\u015fki geli\u015ftirmekten ziyade M\u00fcvekkilleriyle uzun soluklu ve farkl\u0131 projeleri i\u00e7eren uzun d\u00f6nemli ili\u015fkiler geli\u015ftirmektir.<\/span><\/p><p><span style=\"font-weight: 400;\">Gider Law Office ceza hukuku hari\u00e7 olmak \u00fczere hukukun hemen hemen her alan\u0131nda hizmet verme yetkinli\u011fine sahiptir. Gider Law Office\u2019in ba\u015fl\u0131ca \u00e7al\u0131\u015fma alanlar\u0131 ise \u2018Uluslararas\u0131 Distrib\u00fct\u00f6rl\u00fck ve Franchising Hukuku, \u0130n\u015faat ve Gayrimenkul Hukuku, S\u00f6zle\u015fmeler Hukuku, Uyu\u015fmazl\u0131k \u00c7\u00f6z\u00fcm\u00fc, Vatanda\u015fl\u0131k Hukuku ve Ki\u015fisel Verilerin Korunmas\u0131 Hukuku\u2019dur. Gider Law Office hali haz\u0131rda T\u00fcketici \u00dcr\u00fcnleri ve Perakende, Sa\u011fl\u0131k ve Medikal, Turizm ve Otelcilik, Sanayi ve \u00dcretim, Gayrimenkul ve \u0130n\u015faat, Yaz\u0131l\u0131m ve Teknoloji, Petrokimya sekt\u00f6rlerinde bulunan M\u00fcvekkillerine hizmet sunmaktad\u0131r.<\/span><\/p><p><span style=\"font-weight: 400;\">Gider Law Office, yenilik\u00e7i yakla\u015f\u0131m ilkesi gere\u011fince T\u00fcrkiye ve d\u00fcnyan\u0131n bir\u00e7ok b\u00f6lgesinde yer alan ve Gider Law Office ile benzer ilkeleri payla\u015fan bir\u00e7ok hukuk b\u00fcrosu ve i\u015f ortaklar\u0131yla \u00e7al\u0131\u015fmalar y\u00fcr\u00fctebilmektedir. Bu sayede Gider Law Office b\u00fcnyesinde M\u00fcvekkillere sunulan hizmet standart olman\u0131n d\u0131\u015f\u0131na \u00e7\u0131kar\u0131larak M\u00fcvekkile \u00f6zel ayr\u0131cal\u0131kl\u0131 bir hizmet olarak \u00f6ne \u00e7\u0131kmaktad\u0131r.<\/span><\/p>\t\t\t\t\t\t<\/div>\n\t\t\t\t<\/div>\n\t\t\t\t\t<\/div>\n\t\t<\/div>\n\t\t\t\t\t\t\t<\/div>\n\t\t<\/section>\n\t\t\t\t\t<\/div>\n\t\t<\/div>\n\t\t\t\t\t\t\t<\/div>\n\t\t<\/section>\n\t\t\t\t<section class=\"elementor-section elementor-top-section elementor-element elementor-element-ca0c6d5 elementor-section-full_width elementor-section-height-default elementor-section-height-default\" data-id=\"ca0c6d5\" data-element_type=\"section\" data-settings=\"{&quot;background_background&quot;:&quot;classic&quot;}\">\n\t\t\t\t\t\t\t<div class=\"elementor-background-overlay\"><\/div>\n\t\t\t\t\t\t\t<div class=\"elementor-container elementor-column-gap-no\">\n\t\t\t\t\t<div class=\"elementor-column elementor-col-100 elementor-top-column elementor-element elementor-element-c10fed6\" data-id=\"c10fed6\" data-element_type=\"column\">\n\t\t\t<div class=\"elementor-widget-wrap elementor-element-populated\">\n\t\t\t\t\t\t\t\t<section class=\"elementor-section elementor-inner-section elementor-element elementor-element-dae8fb6 elementor-section-boxed elementor-section-height-default elementor-section-height-default\" data-id=\"dae8fb6\" data-element_type=\"section\">\n\t\t\t\t\t\t<div class=\"elementor-container elementor-column-gap-default\">\n\t\t\t\t\t<div class=\"elementor-column elementor-col-100 elementor-inner-column elementor-element elementor-element-2db9342\" data-id=\"2db9342\" data-element_type=\"column\">\n\t\t\t<div class=\"elementor-widget-wrap elementor-element-populated\">\n\t\t\t\t\t\t\t\t<div class=\"elementor-element elementor-element-0144ca8 elementor-widget elementor-widget-heading\" data-id=\"0144ca8\" data-element_type=\"widget\" data-widget_type=\"heading.default\">\n\t\t\t\t<div class=\"elementor-widget-container\">\n\t\t\t<h1 class=\"elementor-heading-title elementor-size-default\">\u00dcyeliklerimiz<\/h1>\t\t<\/div>\n\t\t\t\t<\/div>\n\t\t\t\t\t<\/div>\n\t\t<\/div>\n\t\t\t\t\t\t\t<\/div>\n\t\t<\/section>\n\t\t\t\t<section class=\"elementor-section elementor-inner-section elementor-element elementor-element-1c33013 elementor-section-boxed elementor-section-height-default elementor-section-height-default\" data-id=\"1c33013\" data-element_type=\"section\">\n\t\t\t\t\t\t<div class=\"elementor-container elementor-column-gap-default\">\n\t\t\t\t\t<div class=\"elementor-column elementor-col-33 elementor-inner-column elementor-element elementor-element-36c6e9d\" data-id=\"36c6e9d\" data-element_type=\"column\">\n\t\t\t<div class=\"elementor-widget-wrap elementor-element-populated\">\n\t\t\t\t\t\t\t\t<div class=\"elementor-element elementor-element-5552251 elementor-widget elementor-widget-image\" data-id=\"5552251\" data-element_type=\"widget\" data-widget_type=\"image.default\">\n\t\t\t\t<div class=\"elementor-widget-container\">\n\t\t\t\t\t\t\t\t\t\t\t\t\t\t\t<img width=\"150\" height=\"150\" src=\"https:\/\/www.giderlaw.com\/wp-content\/uploads\/2022\/04\/istanbul-bar-association-gider-law.jpg\" class=\"attachment-large size-large\" alt=\"\" loading=\"lazy\" \/>\t\t\t\t\t\t\t\t\t\t\t\t\t\t\t<\/div>\n\t\t\t\t<\/div>\n\t\t\t\t<div class=\"elementor-element elementor-element-777128b elementor-widget elementor-widget-heading\" data-id=\"777128b\" data-element_type=\"widget\" data-widget_type=\"heading.default\">\n\t\t\t\t<div class=\"elementor-widget-container\">\n\t\t\t<h4 class=\"elementor-heading-title elementor-size-default\">\u0130stanbul Barosu<\/h4>\t\t<\/div>\n\t\t\t\t<\/div>\n\t\t\t\t\t<\/div>\n\t\t<\/div>\n\t\t\t\t<div class=\"elementor-column elementor-col-33 elementor-inner-column elementor-element elementor-element-ff6a15f\" data-id=\"ff6a15f\" data-element_type=\"column\">\n\t\t\t<div class=\"elementor-widget-wrap elementor-element-populated\">\n\t\t\t\t\t\t\t\t<div class=\"elementor-element elementor-element-7d4c805 elementor-widget elementor-widget-image\" data-id=\"7d4c805\" data-element_type=\"widget\" data-widget_type=\"image.default\">\n\t\t\t\t<div class=\"elementor-widget-container\">\n\t\t\t\t\t\t\t\t\t\t\t\t\t\t\t<img width=\"221\" height=\"151\" src=\"https:\/\/www.giderlaw.com\/wp-content\/uploads\/2022\/04\/UIA-International-Association-of-Lawyers-Gider-Law-office1.jpg\" class=\"attachment-medium_large size-medium_large\" alt=\"\" loading=\"lazy\" \/>\t\t\t\t\t\t\t\t\t\t\t\t\t\t\t<\/div>\n\t\t\t\t<\/div>\n\t\t\t\t<div class=\"elementor-element elementor-element-5391bda elementor-widget elementor-widget-heading\" data-id=\"5391bda\" data-element_type=\"widget\" data-widget_type=\"heading.default\">\n\t\t\t\t<div class=\"elementor-widget-container\">\n\t\t\t<h4 class=\"elementor-heading-title elementor-size-default\">Uluslararas\u0131 Hukuk\u00e7ular Birli\u011fi<\/h4>\t\t<\/div>\n\t\t\t\t<\/div>\n\t\t\t\t\t<\/div>\n\t\t<\/div>\n\t\t\t\t<div class=\"elementor-column elementor-col-33 elementor-inner-column elementor-element elementor-element-edef98b\" data-id=\"edef98b\" data-element_type=\"column\">\n\t\t\t<div class=\"elementor-widget-wrap elementor-element-populated\">\n\t\t\t\t\t\t\t\t<div class=\"elementor-element elementor-element-de1422b elementor-widget elementor-widget-image\" data-id=\"de1422b\" data-element_type=\"widget\" data-widget_type=\"image.default\">\n\t\t\t\t<div class=\"elementor-widget-container\">\n\t\t\t\t\t\t\t\t\t\t\t\t\t\t\t<img width=\"150\" height=\"150\" src=\"https:\/\/www.giderlaw.com\/wp-content\/uploads\/2022\/04\/istac-logo2.jpg\" class=\"attachment-large size-large\" alt=\"\" loading=\"lazy\" \/>\t\t\t\t\t\t\t\t\t\t\t\t\t\t\t<\/div>\n\t\t\t\t<\/div>\n\t\t\t\t<div class=\"elementor-element elementor-element-b344350 elementor-widget elementor-widget-heading\" data-id=\"b344350\" data-element_type=\"widget\" data-widget_type=\"heading.default\">\n\t\t\t\t<div class=\"elementor-widget-container\">\n\t\t\t<h4 class=\"elementor-heading-title elementor-size-default\">\u0130stanbul Tahkim Merkezi<\/h4>\t\t<\/div>\n\t\t\t\t<\/div>\n\t\t\t\t\t<\/div>\n\t\t<\/div>\n\t\t\t\t\t\t\t<\/div>\n\t\t<\/section>\n\t\t\t\t\t<\/div>\n\t\t<\/div>\n\t\t\t\t\t\t\t<\/div>\n\t\t<\/section>\n\t\t\t\t\t\t\t<\/div>\n\t\t","protected":false},"excerpt":{"rendered":"<p>Gider Law Office, 2019 y\u0131l\u0131nda Av. Ahmet Atakan G\u0130DER taraf\u0131ndan \u0130stanbul \u2013 Sar\u0131yer merkezli olarak kurulmu\u015ftur. Gider Law Office, kurulu\u015fundan bug\u00fcne kadar dinamizm ve tecr\u00fcbeyi bir araya getirerek M\u00fcvekkillerine h\u0131zl\u0131, g\u00fcvenilir ve \u00e7a\u011fda\u015f bir hukuk deneyimi sunmaktad\u0131r. Gider Law Office i\u00e7in en temel ilkelerden biri M\u00fcvekkillerine her an ula\u015f\u0131labilir bir hizmet sunarak, M\u00fcvekkil \u2013 Avukat&#8230;<\/p>\n","protected":false},"author":1,"featured_media":0,"parent":0,"menu_order":0,"comment_status":"closed","ping_status":"closed","template":"elementor_header_footer","meta":[],"_links":{"self":[{"href":"https:\/\/www.giderlaw.com\/tr\/wp-json\/wp\/v2\/pages\/9519"}],"collection":[{"href":"https:\/\/www.giderlaw.com\/tr\/wp-json\/wp\/v2\/pages"}],"about":[{"href":"https:\/\/www.giderlaw.com\/tr\/wp-json\/wp\/v2\/types\/page"}],"author":[{"embeddable":true,"href":"https:\/\/www.giderlaw.com\/tr\/wp-json\/wp\/v2\/users\/1"}],"replies":[{"embeddable":true,"href":"https:\/\/www.giderlaw.com\/tr\/wp-json\/wp\/v2\/comments?post=9519"}],"version-history":[{"count":6,"href":"https:\/\/www.giderlaw.com\/tr\/wp-json\/wp\/v2\/pages\/9519\/revisions"}],"predecessor-version":[{"id":10012,"href":"https:\/\/www.giderlaw.com\/tr\/wp-json\/wp\/v2\/pages\/9519\/revisions\/10012"}],"wp:attachment":[{"href":"https:\/\/www.giderlaw.com\/tr\/wp-json\/wp\/v2\/media?parent=9519"}],"curies":[{"name":"wp","href":"https:\/\/api.w.org\/{rel}","templated":true}]}}