{"id":9509,"date":"2022-05-16T02:41:41","date_gmt":"2022-05-15T23:41:41","guid":{"rendered":"http:\/\/www.giderlaw.com\/vatandaslik-ve-goc-hukuku\/"},"modified":"2022-06-07T15:02:17","modified_gmt":"2022-06-07T12:02:17","slug":"vatandaslik-ve-goc-hukuku","status":"publish","type":"page","link":"https:\/\/www.giderlaw.com\/tr\/vatandaslik-ve-goc-hukuku\/","title":{"rendered":"Vatanda\u015fl\u0131k ve G\u00f6\u00e7 Hukuku"},"content":{"rendered":"\t\t<div data-elementor-type=\"wp-page\" data-elementor-id=\"9509\" class=\"elementor elementor-9509\">\n\t\t\t\t\t\t\t\t\t<section class=\"elementor-section elementor-top-section elementor-element elementor-element-3838397 elementor-section-boxed elementor-section-height-default elementor-section-height-default\" data-id=\"3838397\" data-element_type=\"section\" data-settings=\"{&quot;background_background&quot;:&quot;classic&quot;}\">\n\t\t\t\t\t\t<div class=\"elementor-container elementor-column-gap-default\">\n\t\t\t\t\t<div class=\"elementor-column elementor-col-100 elementor-top-column elementor-element elementor-element-6dcdc4a\" data-id=\"6dcdc4a\" data-element_type=\"column\">\n\t\t\t<div class=\"elementor-widget-wrap elementor-element-populated\">\n\t\t\t\t\t\t\t\t<div class=\"elementor-element elementor-element-f4c8294 elementor-widget elementor-widget-image\" data-id=\"f4c8294\" data-element_type=\"widget\" data-widget_type=\"image.default\">\n\t\t\t\t<div class=\"elementor-widget-container\">\n\t\t\t\t\t\t\t\t\t\t\t\t\t\t\t<img width=\"1536\" height=\"400\" src=\"https:\/\/www.giderlaw.com\/wp-content\/uploads\/2022\/06\/turkish-citizenship-Law-giderlaw-1536x646-1.jpg\" class=\"attachment-full size-full\" alt=\"\" loading=\"lazy\" srcset=\"https:\/\/www.giderlaw.com\/wp-content\/uploads\/2022\/06\/turkish-citizenship-Law-giderlaw-1536x646-1.jpg 1536w, https:\/\/www.giderlaw.com\/wp-content\/uploads\/2022\/06\/turkish-citizenship-Law-giderlaw-1536x646-1-300x78.jpg 300w, https:\/\/www.giderlaw.com\/wp-content\/uploads\/2022\/06\/turkish-citizenship-Law-giderlaw-1536x646-1-1024x267.jpg 1024w, https:\/\/www.giderlaw.com\/wp-content\/uploads\/2022\/06\/turkish-citizenship-Law-giderlaw-1536x646-1-768x200.jpg 768w\" sizes=\"(max-width: 1536px) 100vw, 1536px\" \/>\t\t\t\t\t\t\t\t\t\t\t\t\t\t\t<\/div>\n\t\t\t\t<\/div>\n\t\t\t\t<div class=\"elementor-element elementor-element-6ee147e elementor-widget elementor-widget-heading\" data-id=\"6ee147e\" data-element_type=\"widget\" data-widget_type=\"heading.default\">\n\t\t\t\t<div class=\"elementor-widget-container\">\n\t\t\t<h1 class=\"elementor-heading-title elementor-size-default\">Vatanda\u015fl\u0131k ve G\u00f6\u00e7 Hukuku <\/h1>\t\t<\/div>\n\t\t\t\t<\/div>\n\t\t\t\t<div class=\"elementor-element elementor-element-03a47b3 elementor-widget elementor-widget-text-editor\" data-id=\"03a47b3\" data-element_type=\"widget\" data-widget_type=\"text-editor.default\">\n\t\t\t\t<div class=\"elementor-widget-container\">\n\t\t\t\t\t\t\t<p><span style=\"font-weight: 400;\">Gider Law Office, yabanc\u0131 yat\u0131r\u0131mc\u0131lar i\u00e7in T\u00fcrk Vatanda\u015fl\u0131\u011f\u0131\u2019na Ge\u00e7i\u015f ve \u0130kamet \u0130zni al\u0131nmas\u0131 konusunda dan\u0131\u015fmanl\u0131k ve s\u00fcre\u00e7 y\u00f6netimi hizmet sunmaktad\u0131r. Gider Law Office, T\u00fcrk Vatanda\u015f\u0131 olmak isteyen veya T\u00fcrkiye\u2019de ikamet izni almak isteyen yat\u0131r\u0131mc\u0131lar\u0131n; yat\u0131r\u0131m planlama, s\u00f6zle\u015fme yapma gibi yat\u0131r\u0131m \u00f6ncesi a\u015famalar\u0131ndan; T\u00fcrkiye\u2019de banka hesab\u0131 a\u00e7\u0131lmas\u0131 gibi de\u011fi\u015fik ihtiya\u00e7lara dokunan alanlarda \u00e7ok geni\u015f yelpazede dan\u0131\u015fmanl\u0131k hizmetleri sunmaktad\u0131r.\u00a0<\/span><\/p><p><span style=\"font-weight: 400;\">Gider Law Office, Vatanda\u015fl\u0131k ve G\u00f6\u00e7 Hukuku konusundaki olduk\u00e7a tecr\u00fcbeli ekibiyle birlikte M\u00fcvekkillerinin b\u00fct\u00fcn soru ve sorunlar\u0131n\u0131 en h\u0131zl\u0131 \u015fekilde \u00e7\u00f6z\u00fcme kavu\u015fturmaktad\u0131r. Yap\u0131lan ba\u015fvurular esnas\u0131nda tecr\u00fcbeye dayal\u0131 ve \u00e7\u00f6z\u00fcm odakl\u0131 hizmetli ilke edinen Gider Law Office, M\u00fcvekkillerini ba\u015fvurular\u0131n her a\u015famas\u0131 hakk\u0131nda d\u00fczenli olarak bilgilendirmek ve yeni bir \u00fclkeye adapte olmaya \u00e7al\u0131\u015fan yabanc\u0131 M\u00fcvekkillerine; Avukat \u2013 M\u00fcvekkil ili\u015fkisinin dahi \u00f6tesinde geli\u015fmi\u015f bir hukuk \u2013 dan\u0131\u015fmanl\u0131k hizmeti denemeyi sunmay\u0131 ama\u00e7lamaktad\u0131r.\u00a0<\/span><\/p>\t\t\t\t\t\t<\/div>\n\t\t\t\t<\/div>\n\t\t\t\t\t<\/div>\n\t\t<\/div>\n\t\t\t\t\t\t\t<\/div>\n\t\t<\/section>\n\t\t\t\t<section class=\"elementor-section elementor-top-section elementor-element elementor-element-061a984 elementor-section-boxed elementor-section-height-default elementor-section-height-default\" data-id=\"061a984\" data-element_type=\"section\">\n\t\t\t\t\t\t<div class=\"elementor-container elementor-column-gap-default\">\n\t\t\t\t\t<div class=\"elementor-column elementor-col-33 elementor-top-column elementor-element elementor-element-a6a84b0\" data-id=\"a6a84b0\" data-element_type=\"column\">\n\t\t\t<div class=\"elementor-widget-wrap\">\n\t\t\t\t\t\t\t\t\t<\/div>\n\t\t<\/div>\n\t\t\t\t<div class=\"elementor-column elementor-col-33 elementor-top-column elementor-element elementor-element-a626f60\" data-id=\"a626f60\" data-element_type=\"column\">\n\t\t\t<div class=\"elementor-widget-wrap elementor-element-populated\">\n\t\t\t\t\t\t\t\t<div class=\"elementor-element elementor-element-77982ae elementor-widget elementor-widget-heading\" data-id=\"77982ae\" data-element_type=\"widget\" data-widget_type=\"heading.default\">\n\t\t\t\t<div class=\"elementor-widget-container\">\n\t\t\t<h3 class=\"elementor-heading-title elementor-size-default\">Daha Fazla Bilgi<\/h3>\t\t<\/div>\n\t\t\t\t<\/div>\n\t\t\t\t<div class=\"elementor-element elementor-element-02cf5ba elementor-widget elementor-widget-shortcode\" data-id=\"02cf5ba\" data-element_type=\"widget\" data-widget_type=\"shortcode.default\">\n\t\t\t\t<div class=\"elementor-widget-container\">\n\t\t\t\t\t<div class=\"elementor-shortcode\"><div role=\"form\" class=\"wpcf7\" id=\"wpcf7-f9523-o1\" lang=\"en-US\" dir=\"ltr\">\n<div class=\"screen-reader-response\"><p role=\"status\" aria-live=\"polite\" aria-atomic=\"true\"><\/p> <ul><\/ul><\/div>\n<form action=\"\/tr\/wp-json\/wp\/v2\/pages\/9509#wpcf7-f9523-o1\" method=\"post\" class=\"wpcf7-form init\" novalidate=\"novalidate\" data-status=\"init\">\n<div style=\"display: none;\">\n<input type=\"hidden\" name=\"_wpcf7\" value=\"9523\" \/>\n<input type=\"hidden\" name=\"_wpcf7_version\" value=\"5.5.6.1\" \/>\n<input type=\"hidden\" name=\"_wpcf7_locale\" value=\"en_US\" \/>\n<input type=\"hidden\" name=\"_wpcf7_unit_tag\" value=\"wpcf7-f9523-o1\" \/>\n<input type=\"hidden\" name=\"_wpcf7_container_post\" value=\"0\" \/>\n<input type=\"hidden\" name=\"_wpcf7_posted_data_hash\" value=\"\" \/>\n<\/div>\n<div id=\"contact-form\" class=\"contact-box3 contact-form-box\">\n  <div class=\"row gutters-20\">\n    <div class=\"col-md-6 form-group\">\n        <span class=\"wpcf7-form-control-wrap f-name\"><input type=\"text\" name=\"f-name\" value=\"\" size=\"40\" class=\"wpcf7-form-control wpcf7-text wpcf7-validates-as-required form-control\" aria-required=\"true\" aria-invalid=\"false\" placeholder=\"Ad Soyad\" \/><\/span>\n\t<div class=\"help-block with-errors\"><\/div>\n    <\/div>\n    <div class=\"col-md-6 form-group\">\n       <span class=\"wpcf7-form-control-wrap email\"><input type=\"email\" name=\"email\" value=\"\" size=\"40\" class=\"wpcf7-form-control wpcf7-text wpcf7-email wpcf7-validates-as-required wpcf7-validates-as-email form-control\" aria-required=\"true\" aria-invalid=\"false\" placeholder=\"E-Posta\" \/><\/span>\n\t<div class=\"help-block with-errors\"><\/div>\n    <\/div>\n    <div class=\"col-12 form-group\">\n        <span class=\"wpcf7-form-control-wrap subject\"><input type=\"text\" name=\"subject\" value=\"\" size=\"40\" class=\"wpcf7-form-control wpcf7-text wpcf7-validates-as-required form-control\" aria-required=\"true\" aria-invalid=\"false\" placeholder=\"Konu\" \/><\/span>\n\t<div class=\"help-block with-errors\"><\/div>\n    <\/div>\n    <div class=\"col-12 form-group\">\n        <span class=\"wpcf7-form-control-wrap message\"><textarea name=\"message\" cols=\"20\" rows=\"5\" class=\"wpcf7-form-control wpcf7-textarea wpcf7-validates-as-required textarea form-control\" aria-required=\"true\" aria-invalid=\"false\" placeholder=\"Mesaj\u0131n\u0131z\"><\/textarea><\/span>\n        <div class=\"help-block with-errors\"><\/div>\n     <\/div>\n     <div class=\"col-12 form-group text-center\">\n\t<button type=\"submit\" class=\"btn-fill\">G\u00f6nder<\/button>\n       <\/div>\n      <div class=\"form-response\"><\/div>\n    <\/div>\n<\/div><div class=\"wpcf7-response-output\" aria-hidden=\"true\"><\/div><\/form><\/div>\n<\/div>\n\t\t\t\t<\/div>\n\t\t\t\t<\/div>\n\t\t\t\t\t<\/div>\n\t\t<\/div>\n\t\t\t\t<div class=\"elementor-column elementor-col-33 elementor-top-column elementor-element elementor-element-47fb606\" data-id=\"47fb606\" data-element_type=\"column\">\n\t\t\t<div class=\"elementor-widget-wrap\">\n\t\t\t\t\t\t\t\t\t<\/div>\n\t\t<\/div>\n\t\t\t\t\t\t\t<\/div>\n\t\t<\/section>\n\t\t\t\t\t\t\t<\/div>\n\t\t","protected":false},"excerpt":{"rendered":"<p>Vatanda\u015fl\u0131k ve G\u00f6\u00e7 Hukuku Gider Law Office, yabanc\u0131 yat\u0131r\u0131mc\u0131lar i\u00e7in T\u00fcrk Vatanda\u015fl\u0131\u011f\u0131\u2019na Ge\u00e7i\u015f ve \u0130kamet \u0130zni al\u0131nmas\u0131 konusunda dan\u0131\u015fmanl\u0131k ve s\u00fcre\u00e7 y\u00f6netimi hizmet sunmaktad\u0131r. Gider Law Office, T\u00fcrk Vatanda\u015f\u0131 olmak isteyen veya T\u00fcrkiye\u2019de ikamet izni almak isteyen yat\u0131r\u0131mc\u0131lar\u0131n; yat\u0131r\u0131m planlama, s\u00f6zle\u015fme yapma gibi yat\u0131r\u0131m \u00f6ncesi a\u015famalar\u0131ndan; T\u00fcrkiye\u2019de banka hesab\u0131 a\u00e7\u0131lmas\u0131 gibi de\u011fi\u015fik ihtiya\u00e7lara dokunan alanlarda&#8230;<\/p>\n","protected":false},"author":1,"featured_media":0,"parent":0,"menu_order":0,"comment_status":"closed","ping_status":"closed","template":"elementor_header_footer","meta":[],"_links":{"self":[{"href":"https:\/\/www.giderlaw.com\/tr\/wp-json\/wp\/v2\/pages\/9509"}],"collection":[{"href":"https:\/\/www.giderlaw.com\/tr\/wp-json\/wp\/v2\/pages"}],"about":[{"href":"https:\/\/www.giderlaw.com\/tr\/wp-json\/wp\/v2\/types\/page"}],"author":[{"embeddable":true,"href":"https:\/\/www.giderlaw.com\/tr\/wp-json\/wp\/v2\/users\/1"}],"replies":[{"embeddable":true,"href":"https:\/\/www.giderlaw.com\/tr\/wp-json\/wp\/v2\/comments?post=9509"}],"version-history":[{"count":16,"href":"https:\/\/www.giderlaw.com\/tr\/wp-json\/wp\/v2\/pages\/9509\/revisions"}],"predecessor-version":[{"id":10027,"href":"https:\/\/www.giderlaw.com\/tr\/wp-json\/wp\/v2\/pages\/9509\/revisions\/10027"}],"wp:attachment":[{"href":"https:\/\/www.giderlaw.com\/tr\/wp-json\/wp\/v2\/media?parent=9509"}],"curies":[{"name":"wp","href":"https:\/\/api.w.org\/{rel}","templated":true}]}}