{"id":9503,"date":"2022-05-16T02:24:40","date_gmt":"2022-05-15T23:24:40","guid":{"rendered":"http:\/\/www.giderlaw.com\/data-protection-law\/"},"modified":"2022-06-07T15:03:05","modified_gmt":"2022-06-07T12:03:05","slug":"kisisel-verilerin-korunmasi-hukuku","status":"publish","type":"page","link":"https:\/\/www.giderlaw.com\/tr\/kisisel-verilerin-korunmasi-hukuku\/","title":{"rendered":"Ki\u015fisel Verilerin Korunmas\u0131 Hukuku\ufffc"},"content":{"rendered":"\t\t<div data-elementor-type=\"wp-page\" data-elementor-id=\"9503\" class=\"elementor elementor-9503\">\n\t\t\t\t\t\t\t\t\t<section class=\"elementor-section elementor-top-section elementor-element elementor-element-14330d9 elementor-section-boxed elementor-section-height-default elementor-section-height-default\" data-id=\"14330d9\" data-element_type=\"section\" data-settings=\"{&quot;background_background&quot;:&quot;classic&quot;}\">\n\t\t\t\t\t\t<div class=\"elementor-container elementor-column-gap-default\">\n\t\t\t\t\t<div class=\"elementor-column elementor-col-100 elementor-top-column elementor-element elementor-element-c4fee14\" data-id=\"c4fee14\" data-element_type=\"column\">\n\t\t\t<div class=\"elementor-widget-wrap elementor-element-populated\">\n\t\t\t\t\t\t\t\t<div class=\"elementor-element elementor-element-e72c2a6 elementor-widget elementor-widget-image\" data-id=\"e72c2a6\" data-element_type=\"widget\" data-widget_type=\"image.default\">\n\t\t\t\t<div class=\"elementor-widget-container\">\n\t\t\t\t\t\t\t\t\t\t\t\t\t\t\t<img width=\"1536\" height=\"400\" src=\"https:\/\/www.giderlaw.com\/wp-content\/uploads\/2022\/06\/Data-Protection-Law-giderlaw-1536x646-1.jpg\" class=\"attachment-full size-full\" alt=\"\" loading=\"lazy\" srcset=\"https:\/\/www.giderlaw.com\/wp-content\/uploads\/2022\/06\/Data-Protection-Law-giderlaw-1536x646-1.jpg 1536w, https:\/\/www.giderlaw.com\/wp-content\/uploads\/2022\/06\/Data-Protection-Law-giderlaw-1536x646-1-300x78.jpg 300w, https:\/\/www.giderlaw.com\/wp-content\/uploads\/2022\/06\/Data-Protection-Law-giderlaw-1536x646-1-1024x267.jpg 1024w, https:\/\/www.giderlaw.com\/wp-content\/uploads\/2022\/06\/Data-Protection-Law-giderlaw-1536x646-1-768x200.jpg 768w\" sizes=\"(max-width: 1536px) 100vw, 1536px\" \/>\t\t\t\t\t\t\t\t\t\t\t\t\t\t\t<\/div>\n\t\t\t\t<\/div>\n\t\t\t\t<div class=\"elementor-element elementor-element-9591bd6 elementor-widget elementor-widget-heading\" data-id=\"9591bd6\" data-element_type=\"widget\" data-widget_type=\"heading.default\">\n\t\t\t\t<div class=\"elementor-widget-container\">\n\t\t\t<h2 class=\"elementor-heading-title elementor-size-default\">Ki\u015fisel Verilerin Korunmas\u0131 Hukuku\n<\/h2>\t\t<\/div>\n\t\t\t\t<\/div>\n\t\t\t\t<div class=\"elementor-element elementor-element-3f0b4e9 elementor-widget elementor-widget-text-editor\" data-id=\"3f0b4e9\" data-element_type=\"widget\" data-widget_type=\"text-editor.default\">\n\t\t\t\t<div class=\"elementor-widget-container\">\n\t\t\t\t\t\t\t<p><span style=\"font-weight: 400;\">Gider Law Office, Ki\u015fisel Verilerin Korunmas\u0131 alan\u0131nda olduk\u00e7a tecr\u00fcbeli kadrosuyla M\u00fcvekkilleri i\u00e7in uyum projeleri \u00fcretmekte ve bu projelerin uygulanmas\u0131 i\u00e7in M\u00fcvekkillerine destek sa\u011flamaktad\u0131r. Ki\u015fisel Verilerin Korunmas\u0131 hukuku \u015firketlerin i\u015fleyi\u015fini b\u00fct\u00fcn\u00fcyle de\u011fi\u015ftirdi\u011fi ve uyum projeleri neticesinde hukuki sonu\u00e7lara yol a\u00e7abildi\u011fi i\u00e7in yaln\u0131zca Ki\u015fisel Verilerin Korunmas\u0131 Kanunu kapsam\u0131nda de\u011fil; ba\u015fta S\u00f6zle\u015fmeler ve \u0130\u015f Hukuku olmak \u00fczere hukukun di\u011fer dallar\u0131yla birlikte ele al\u0131nmaktad\u0131r. Gider Law Office bu ba\u011flamda M\u00fcvekkillerine standart metinler sunmak yerine aktif ve s\u00fcrekli g\u00fcncellenen yenilik\u00e7i bir hukuk hizmeti sunmaktad\u0131r.<\/span><\/p><p><span style=\"font-weight: 400;\">Gider Law Office b\u00fcnyesinde y\u00fcr\u00fct\u00fclen Ki\u015fisel Verilerin Korunmas\u0131 Uyum Projeleri 5 farkl\u0131 a\u015famadan olu\u015fmakta ve bu a\u015famalar\u0131n her biri i\u00e7in farkl\u0131 planlama ve \u00e7\u0131kt\u0131lar \u00f6ng\u00f6r\u00fclmektedir. Uyum projeleri kapsam\u0131nda M\u00fcvekkillerin ihtiya\u00e7lar\u0131 \u00f6zenle belirlenmekte ve her bir M\u00fcvekkil i\u00e7in farkl\u0131 ba\u011flamda projeler icra edilmektedir. Kurulu\u015fundan bug\u00fcne kadar gerek yerli gerekse de yabanc\u0131 onlarca M\u00fcvekkiline Ki\u015fisel Verilerin Korunmas\u0131 Uyum Projesi hizmeti sunan Gider Law Office bu alandaki \u00e7al\u0131\u015fmalar\u0131n\u0131 uyum projeleri sonras\u0131nda vermi\u015f oldu\u011fu s\u00fcrekli g\u00fcncellenen Haberli \u2013 Habersiz Denetim Projeleri ve di\u011fer hizmetleriyle s\u00fcrd\u00fcrmektedir.\u00a0<\/span><\/p>\t\t\t\t\t\t<\/div>\n\t\t\t\t<\/div>\n\t\t\t\t\t<\/div>\n\t\t<\/div>\n\t\t\t\t\t\t\t<\/div>\n\t\t<\/section>\n\t\t\t\t<section class=\"elementor-section elementor-top-section elementor-element elementor-element-6b3502b elementor-section-boxed elementor-section-height-default elementor-section-height-default\" data-id=\"6b3502b\" data-element_type=\"section\">\n\t\t\t\t\t\t<div class=\"elementor-container elementor-column-gap-default\">\n\t\t\t\t\t<div class=\"elementor-column elementor-col-33 elementor-top-column elementor-element elementor-element-e7032b0\" data-id=\"e7032b0\" data-element_type=\"column\">\n\t\t\t<div class=\"elementor-widget-wrap\">\n\t\t\t\t\t\t\t\t\t<\/div>\n\t\t<\/div>\n\t\t\t\t<div class=\"elementor-column elementor-col-33 elementor-top-column elementor-element elementor-element-66d4a1d\" data-id=\"66d4a1d\" data-element_type=\"column\">\n\t\t\t<div class=\"elementor-widget-wrap elementor-element-populated\">\n\t\t\t\t\t\t\t\t<div class=\"elementor-element elementor-element-ed6c26d elementor-widget elementor-widget-heading\" data-id=\"ed6c26d\" data-element_type=\"widget\" data-widget_type=\"heading.default\">\n\t\t\t\t<div class=\"elementor-widget-container\">\n\t\t\t<h3 class=\"elementor-heading-title elementor-size-default\">Daha Fazla Bilgi<\/h3>\t\t<\/div>\n\t\t\t\t<\/div>\n\t\t\t\t<div class=\"elementor-element elementor-element-bfa11e6 elementor-widget elementor-widget-shortcode\" data-id=\"bfa11e6\" data-element_type=\"widget\" data-widget_type=\"shortcode.default\">\n\t\t\t\t<div class=\"elementor-widget-container\">\n\t\t\t\t\t<div class=\"elementor-shortcode\"><div role=\"form\" class=\"wpcf7\" id=\"wpcf7-f9523-o1\" lang=\"en-US\" dir=\"ltr\">\n<div class=\"screen-reader-response\"><p role=\"status\" aria-live=\"polite\" aria-atomic=\"true\"><\/p> <ul><\/ul><\/div>\n<form action=\"\/tr\/wp-json\/wp\/v2\/pages\/9503#wpcf7-f9523-o1\" method=\"post\" class=\"wpcf7-form init\" novalidate=\"novalidate\" data-status=\"init\">\n<div style=\"display: none;\">\n<input type=\"hidden\" name=\"_wpcf7\" value=\"9523\" \/>\n<input type=\"hidden\" name=\"_wpcf7_version\" value=\"5.5.6.1\" \/>\n<input type=\"hidden\" name=\"_wpcf7_locale\" value=\"en_US\" \/>\n<input type=\"hidden\" name=\"_wpcf7_unit_tag\" value=\"wpcf7-f9523-o1\" \/>\n<input type=\"hidden\" name=\"_wpcf7_container_post\" value=\"0\" \/>\n<input type=\"hidden\" name=\"_wpcf7_posted_data_hash\" value=\"\" \/>\n<\/div>\n<div id=\"contact-form\" class=\"contact-box3 contact-form-box\">\n  <div class=\"row gutters-20\">\n    <div class=\"col-md-6 form-group\">\n        <span class=\"wpcf7-form-control-wrap f-name\"><input type=\"text\" name=\"f-name\" value=\"\" size=\"40\" class=\"wpcf7-form-control wpcf7-text wpcf7-validates-as-required form-control\" aria-required=\"true\" aria-invalid=\"false\" placeholder=\"Ad Soyad\" \/><\/span>\n\t<div class=\"help-block with-errors\"><\/div>\n    <\/div>\n    <div class=\"col-md-6 form-group\">\n       <span class=\"wpcf7-form-control-wrap email\"><input type=\"email\" name=\"email\" value=\"\" size=\"40\" class=\"wpcf7-form-control wpcf7-text wpcf7-email wpcf7-validates-as-required wpcf7-validates-as-email form-control\" aria-required=\"true\" aria-invalid=\"false\" placeholder=\"E-Posta\" \/><\/span>\n\t<div class=\"help-block with-errors\"><\/div>\n    <\/div>\n    <div class=\"col-12 form-group\">\n        <span class=\"wpcf7-form-control-wrap subject\"><input type=\"text\" name=\"subject\" value=\"\" size=\"40\" class=\"wpcf7-form-control wpcf7-text wpcf7-validates-as-required form-control\" aria-required=\"true\" aria-invalid=\"false\" placeholder=\"Konu\" \/><\/span>\n\t<div class=\"help-block with-errors\"><\/div>\n    <\/div>\n    <div class=\"col-12 form-group\">\n        <span class=\"wpcf7-form-control-wrap message\"><textarea name=\"message\" cols=\"20\" rows=\"5\" class=\"wpcf7-form-control wpcf7-textarea wpcf7-validates-as-required textarea form-control\" aria-required=\"true\" aria-invalid=\"false\" placeholder=\"Mesaj\u0131n\u0131z\"><\/textarea><\/span>\n        <div class=\"help-block with-errors\"><\/div>\n     <\/div>\n     <div class=\"col-12 form-group text-center\">\n\t<button type=\"submit\" class=\"btn-fill\">G\u00f6nder<\/button>\n       <\/div>\n      <div class=\"form-response\"><\/div>\n    <\/div>\n<\/div><div class=\"wpcf7-response-output\" aria-hidden=\"true\"><\/div><\/form><\/div>\n<\/div>\n\t\t\t\t<\/div>\n\t\t\t\t<\/div>\n\t\t\t\t\t<\/div>\n\t\t<\/div>\n\t\t\t\t<div class=\"elementor-column elementor-col-33 elementor-top-column elementor-element elementor-element-73c67c4\" data-id=\"73c67c4\" data-element_type=\"column\">\n\t\t\t<div class=\"elementor-widget-wrap\">\n\t\t\t\t\t\t\t\t\t<\/div>\n\t\t<\/div>\n\t\t\t\t\t\t\t<\/div>\n\t\t<\/section>\n\t\t\t\t\t\t\t<\/div>\n\t\t","protected":false},"excerpt":{"rendered":"<p>Ki\u015fisel Verilerin Korunmas\u0131 Hukuku Gider Law Office, Ki\u015fisel Verilerin Korunmas\u0131 alan\u0131nda olduk\u00e7a tecr\u00fcbeli kadrosuyla M\u00fcvekkilleri i\u00e7in uyum projeleri \u00fcretmekte ve bu projelerin uygulanmas\u0131 i\u00e7in M\u00fcvekkillerine destek sa\u011flamaktad\u0131r. Ki\u015fisel Verilerin Korunmas\u0131 hukuku \u015firketlerin i\u015fleyi\u015fini b\u00fct\u00fcn\u00fcyle de\u011fi\u015ftirdi\u011fi ve uyum projeleri neticesinde hukuki sonu\u00e7lara yol a\u00e7abildi\u011fi i\u00e7in yaln\u0131zca Ki\u015fisel Verilerin Korunmas\u0131 Kanunu kapsam\u0131nda de\u011fil; ba\u015fta S\u00f6zle\u015fmeler ve \u0130\u015f&#8230;<\/p>\n","protected":false},"author":1,"featured_media":0,"parent":0,"menu_order":0,"comment_status":"closed","ping_status":"closed","template":"elementor_header_footer","meta":[],"_links":{"self":[{"href":"https:\/\/www.giderlaw.com\/tr\/wp-json\/wp\/v2\/pages\/9503"}],"collection":[{"href":"https:\/\/www.giderlaw.com\/tr\/wp-json\/wp\/v2\/pages"}],"about":[{"href":"https:\/\/www.giderlaw.com\/tr\/wp-json\/wp\/v2\/types\/page"}],"author":[{"embeddable":true,"href":"https:\/\/www.giderlaw.com\/tr\/wp-json\/wp\/v2\/users\/1"}],"replies":[{"embeddable":true,"href":"https:\/\/www.giderlaw.com\/tr\/wp-json\/wp\/v2\/comments?post=9503"}],"version-history":[{"count":13,"href":"https:\/\/www.giderlaw.com\/tr\/wp-json\/wp\/v2\/pages\/9503\/revisions"}],"predecessor-version":[{"id":10030,"href":"https:\/\/www.giderlaw.com\/tr\/wp-json\/wp\/v2\/pages\/9503\/revisions\/10030"}],"wp:attachment":[{"href":"https:\/\/www.giderlaw.com\/tr\/wp-json\/wp\/v2\/media?parent=9503"}],"curies":[{"name":"wp","href":"https:\/\/api.w.org\/{rel}","templated":true}]}}